{"id":114,"date":"2017-10-16T11:17:24","date_gmt":"2017-10-16T11:17:24","guid":{"rendered":"https:\/\/korflipshop.com\/ca\/?page_id=114"},"modified":"2022-11-17T14:41:40","modified_gmt":"2022-11-17T14:41:40","slug":"home","status":"publish","type":"page","link":"https:\/\/korflipshop.com\/ca\/","title":{"rendered":"Home"},"content":{"rendered":"<p>[et_pb_section fb_built=&#8221;1&#8243; fullwidth=&#8221;on&#8221; admin_label=&#8221;section&#8221; _builder_version=&#8221;4.16&#8243; global_colors_info=&#8221;{}&#8221;][et_pb_fullwidth_slider admin_label=&#8221;Fullwidth Slider&#8221; _builder_version=&#8221;4.18.0&#8243; background_position=&#8221;top_left&#8221; custom_button=&#8221;on&#8221; button_text_color=&#8221;#ffffff&#8221; button_bg_color=&#8221;rgba(255,255,255,0)&#8221; button_border_width=&#8221;3&#8243; button_border_color=&#8221;#f9f9f9&#8243; custom_padding=&#8221;|||&#8221; hover_enabled=&#8221;0&#8243; custom_css_slide_description=&#8221;text-shadow: 2px 2px 7px #000;&#8221; custom_css_slide_title=&#8221;text-shadow: 2px 2px 7px #000;&#8221; global_colors_info=&#8221;{}&#8221; button_text_size__hover_enabled=&#8221;off&#8221; button_text_size__hover=&#8221;null&#8221; button_one_text_size__hover_enabled=&#8221;off&#8221; button_one_text_size__hover=&#8221;null&#8221; button_two_text_size__hover_enabled=&#8221;off&#8221; button_two_text_size__hover=&#8221;null&#8221; button_text_color__hover_enabled=&#8221;off&#8221; button_text_color__hover=&#8221;null&#8221; button_one_text_color__hover_enabled=&#8221;off&#8221; button_one_text_color__hover=&#8221;null&#8221; button_two_text_color__hover_enabled=&#8221;off&#8221; button_two_text_color__hover=&#8221;null&#8221; button_border_width__hover_enabled=&#8221;off&#8221; button_border_width__hover=&#8221;null&#8221; button_one_border_width__hover_enabled=&#8221;off&#8221; button_one_border_width__hover=&#8221;null&#8221; button_two_border_width__hover_enabled=&#8221;off&#8221; button_two_border_width__hover=&#8221;null&#8221; button_border_color__hover_enabled=&#8221;on&#8221; button_border_color__hover=&#8221;#e02b20&#8243; button_one_border_color__hover_enabled=&#8221;off&#8221; button_one_border_color__hover=&#8221;null&#8221; button_two_border_color__hover_enabled=&#8221;off&#8221; button_two_border_color__hover=&#8221;null&#8221; button_border_radius__hover_enabled=&#8221;off&#8221; button_border_radius__hover=&#8221;null&#8221; button_one_border_radius__hover_enabled=&#8221;off&#8221; button_one_border_radius__hover=&#8221;null&#8221; button_two_border_radius__hover_enabled=&#8221;off&#8221; button_two_border_radius__hover=&#8221;null&#8221; button_letter_spacing__hover_enabled=&#8221;off&#8221; button_letter_spacing__hover=&#8221;null&#8221; button_one_letter_spacing__hover_enabled=&#8221;off&#8221; button_one_letter_spacing__hover=&#8221;null&#8221; button_two_letter_spacing__hover_enabled=&#8221;off&#8221; button_two_letter_spacing__hover=&#8221;null&#8221; button_bg_color__hover_enabled=&#8221;off&#8221; button_bg_color__hover=&#8221;null&#8221; button_one_bg_color__hover_enabled=&#8221;off&#8221; button_one_bg_color__hover=&#8221;null&#8221; button_two_bg_color__hover_enabled=&#8221;off&#8221; button_two_bg_color__hover=&#8221;null&#8221; sticky_enabled=&#8221;0&#8243;][et_pb_slide heading=&#8221;Korflip&#8221; button_text=&#8221;Data sheet&#8221; button_link=&#8221;https:\/\/korflipshop.com\/ca\/data-sheet\/&#8221; use_bg_overlay=&#8221;off&#8221; use_text_overlay=&#8221;off&#8221; _builder_version=&#8221;4.18.0&#8243; header_font=&#8221;|on||on|&#8221; body_font=&#8221;||||&#8221; body_font_size=&#8221;18&#8243; background_color=&#8221;#ffffff&#8221; background_image=&#8221;https:\/\/korflipshop.com\/ca\/wp-content\/uploads\/sites\/7\/2017\/10\/korflip-alzadores-butacas.jpg&#8221; background_position=&#8221;top_left&#8221; background_video_width=&#8221;1920&#8243; background_video_height=&#8221;638&#8243; button_on_hover=&#8221;on&#8221; hover_enabled=&#8221;0&#8243; body_font_size_tablet=&#8221;18&#8243; body_font_size_phone=&#8221;18&#8243; global_colors_info=&#8221;{}&#8221; sticky_transition=&#8221;on&#8221; sticky_enabled=&#8221;0&#8243;]<\/p>\n<p><strong>Korflip is the only booster<\/strong> seat of the market on a global scale that fulfills the current regulations on the subject of preventive safety against fires.<br \/><img decoding=\"async\" style=\"width: 50px; vertical-align: middle; padding: 2px;\" src=\"https:\/\/korflipshop.com\/ca\/wp-content\/uploads\/sites\/7\/2018\/10\/flag-ca.png\" \/><br \/><strong>24 Hour Shipping to Canada <\/strong><\/p>\n<p>[\/et_pb_slide][\/et_pb_fullwidth_slider][\/et_pb_section][et_pb_section fb_built=&#8221;1&#8243; _builder_version=&#8221;4.16&#8243; background_color=&#8221;#f4f3f2&#8243; custom_css_main_element=&#8221;border-bottom: 4px dotted #fff;&#8221; global_colors_info=&#8221;{}&#8221;][et_pb_row _builder_version=&#8221;4.16&#8243; background_size=&#8221;initial&#8221; background_position=&#8221;top_left&#8221; background_repeat=&#8221;repeat&#8221; global_colors_info=&#8221;{}&#8221;][et_pb_column type=&#8221;4_4&#8243; _builder_version=&#8221;4.16&#8243; custom_padding=&#8221;|||&#8221; global_colors_info=&#8221;{}&#8221; custom_padding__hover=&#8221;|||&#8221;][et_pb_text _builder_version=&#8221;4.16&#8243; header_font_size=&#8221;40px&#8221; background_size=&#8221;initial&#8221; background_position=&#8221;top_left&#8221; background_repeat=&#8221;repeat&#8221; module_alignment=&#8221;left&#8221; border_style=&#8221;solid&#8221; global_colors_info=&#8221;{}&#8221;]<\/p>\n<h1>Cinema and theaters booster seats (36 units packs)<\/h1>\n<p>[\/et_pb_text][\/et_pb_column][\/et_pb_row][\/et_pb_section][et_pb_section fb_built=&#8221;1&#8243; _builder_version=&#8221;4.16&#8243; global_colors_info=&#8221;{}&#8221;][et_pb_row module_class=&#8221; et_pb_row_fullwidth&#8221; _builder_version=&#8221;4.16&#8243; background_size=&#8221;initial&#8221; background_position=&#8221;top_left&#8221; background_repeat=&#8221;repeat&#8221; width=&#8221;89%&#8221; width_tablet=&#8221;80%&#8221; width_phone=&#8221;80%&#8221; width_last_edited=&#8221;on|desktop&#8221; max_width=&#8221;89%&#8221; max_width_tablet=&#8221;80%&#8221; max_width_phone=&#8221;80%&#8221; max_width_last_edited=&#8221;on|desktop&#8221; make_fullwidth=&#8221;on&#8221; global_colors_info=&#8221;{}&#8221;][et_pb_column type=&#8221;4_4&#8243; _builder_version=&#8221;4.16&#8243; custom_padding=&#8221;|||&#8221; global_colors_info=&#8221;{}&#8221; custom_padding__hover=&#8221;|||&#8221;][et_pb_shop type=&#8221;product_category&#8221; include_categories=&#8221;18,26&#8243; columns_number=&#8221;4&#8243; orderby=&#8221;date-desc&#8221; hover_overlay_color=&#8221;rgba(255,255,255,0.8)&#8221; hover_icon=&#8221;&#x54;||divi||400&#8243; _builder_version=&#8221;4.16&#8243; title_text_color=&#8221;#000000&#8243; title_font_size=&#8221;18&#8243; price_text_color=&#8221;#e02b20&#8243; price_font_size=&#8221;20&#8243; global_colors_info=&#8221;{}&#8221;][\/et_pb_shop][\/et_pb_column][\/et_pb_row][\/et_pb_section][et_pb_section fb_built=&#8221;1&#8243; _builder_version=&#8221;4.16&#8243; background_color=&#8221;#f4f3f2&#8243; custom_css_main_element=&#8221;border-top: 4px dotted #fff;||border-bottom: 4px dotted #fff;&#8221; global_colors_info=&#8221;{}&#8221;][et_pb_row column_structure=&#8221;2_3,1_3&#8243; _builder_version=&#8221;4.16&#8243; background_size=&#8221;initial&#8221; background_position=&#8221;top_left&#8221; background_repeat=&#8221;repeat&#8221; global_colors_info=&#8221;{}&#8221;][et_pb_column type=&#8221;2_3&#8243; _builder_version=&#8221;4.16&#8243; custom_padding=&#8221;|||&#8221; global_colors_info=&#8221;{}&#8221; custom_padding__hover=&#8221;|||&#8221;][et_pb_text _builder_version=&#8221;4.16&#8243; background_size=&#8221;initial&#8221; background_position=&#8221;top_left&#8221; background_repeat=&#8221;repeat&#8221; text_orientation=&#8221;justified&#8221; module_alignment=&#8221;justified&#8221; border_style=&#8221;solid&#8221; global_colors_info=&#8221;{}&#8221;]<strong>Korflip is the indispensable element that cannot be missing in all movie rooms,\u00a0theaters, assembly rooms, polyvalent lounges of multiple uses, auditoriums, stadiums<\/strong>\u00a0and orchestras that they could be used by children.<\/p>\n<p><strong>Korflip<\/strong>\u00a0contributes an almost 15cm extra elevation, allowing to save this way the\u00a0headrest of the seat that precedes it. Making possible this way that the shortest\u00a0kids could have an ideal visibility. Its <strong>ergonomic design<\/strong> especially designed and conceived for the infantile use,\u00a0makes it extremely comfortable, <strong>made of injected PVC of high resistance that\u00a0makes it very resistant and lasting<\/strong>.<\/p>\n<p>In addition, it is to extremely easy to clean and to maintain, remaining inalterable many years. It lacks marked edges, since its rims and protrusions have been smoothed to\u00a0contribute to a nice touch, with a light rugosity that prevents the sliding of the\u00a0children. Therefore, besides being comfortable, it is safe, resistant and very easy\u00a0to clean. It comes from a serial production, usually in red colour, and fireproof certified,\u00a0adapting itself this way to the most strict international regulations on preventive\u00a0safety against fires.<br \/>\n[\/et_pb_text][\/et_pb_column][et_pb_column type=&#8221;1_3&#8243; _builder_version=&#8221;4.16&#8243; custom_padding=&#8221;|||&#8221; global_colors_info=&#8221;{}&#8221; custom_padding__hover=&#8221;|||&#8221;][et_pb_image src=&#8221;https:\/\/korflipshop.com\/ca\/wp-content\/uploads\/sites\/7\/2017\/10\/alzador-infantil-para-butac.png&#8221; alt=&#8221;Alzador infantil Korflip para butacas de cine y teatro&#8221; title_text=&#8221;Alzador infantil Korflip para butacas de cine y teatro&#8221; align=&#8221;center&#8221; align_tablet=&#8221;center&#8221; align_phone=&#8221;center&#8221; align_last_edited=&#8221;on|desktop&#8221; _builder_version=&#8221;4.16&#8243; animation_style=&#8221;slide&#8221; animation_direction=&#8221;right&#8221; animation_duration=&#8221;500ms&#8221; animation_intensity_slide=&#8221;10%&#8221; border_style=&#8221;solid&#8221; animation=&#8221;right&#8221; sticky=&#8221;off&#8221; global_colors_info=&#8221;{}&#8221;][\/et_pb_image][\/et_pb_column][\/et_pb_row][\/et_pb_section][et_pb_section fb_built=&#8221;1&#8243; _builder_version=&#8221;4.16&#8243; global_colors_info=&#8221;{}&#8221;][et_pb_row column_structure=&#8221;1_3,2_3&#8243; _builder_version=&#8221;4.16&#8243; background_size=&#8221;initial&#8221; background_position=&#8221;top_left&#8221; background_repeat=&#8221;repeat&#8221; global_colors_info=&#8221;{}&#8221;][et_pb_column type=&#8221;1_3&#8243; _builder_version=&#8221;4.16&#8243; custom_padding=&#8221;|||&#8221; global_colors_info=&#8221;{}&#8221; custom_padding__hover=&#8221;|||&#8221;][et_pb_image src=&#8221;https:\/\/korflipshop.com\/ca\/wp-content\/uploads\/sites\/7\/2017\/10\/carrito-transporte-almacenaje-alzadores-infantiles.jpg&#8221; alt=&#8221;Carrito para almacenaje y transporte de alzadores infantiles &#8211; Korflip&#8221; title_text=&#8221;Carrito para almacenaje y transporte de alzadores infantiles &#8211; Korflip&#8221; align=&#8221;center&#8221; align_tablet=&#8221;center&#8221; align_phone=&#8221;center&#8221; align_last_edited=&#8221;on|desktop&#8221; _builder_version=&#8221;4.16&#8243; animation_style=&#8221;slide&#8221; animation_direction=&#8221;left&#8221; animation_duration=&#8221;500ms&#8221; animation_intensity_slide=&#8221;10%&#8221; use_border_color=&#8221;off&#8221; border_color=&#8221;#ffffff&#8221; border_style=&#8221;solid&#8221; animation=&#8221;left&#8221; sticky=&#8221;off&#8221; global_colors_info=&#8221;{}&#8221;][\/et_pb_image][\/et_pb_column][et_pb_column type=&#8221;2_3&#8243; _builder_version=&#8221;4.16&#8243; custom_padding=&#8221;|||&#8221; global_colors_info=&#8221;{}&#8221; custom_padding__hover=&#8221;|||&#8221;][et_pb_text _builder_version=&#8221;4.16&#8243; background_size=&#8221;initial&#8221; background_position=&#8221;top_left&#8221; background_repeat=&#8221;repeat&#8221; text_orientation=&#8221;justified&#8221; module_alignment=&#8221;justified&#8221; border_style=&#8221;solid&#8221; global_colors_info=&#8221;{}&#8221;]<strong>Korflip is the only booster seat of the market on a global scale that fulfills the current\u00a0regulations on the subject of preventive safety against fires<\/strong>. Under standards UNE\u00a0(EN) for its use in movies, theaters, auditoria and sports stadiums of the whole world.<\/p>\n<p>Besides, Korflip is 100% designed and made in Spain, and is currently a golden\u00a0standard in the exportation of infantile equipment for cinemas and theaters all from\u00a0the 5 continents. Each day our booster seats have a bigger influence on the planet,\u00a0which places the Spanish industry on the top of the booster seats for manufacturing.<\/p>\n<p><strong>The innovative design of Korflip has been conceived by a prestigious and\u00a0well-known team of experts in design and comfort<\/strong>. And all its production phases,\u00a0from the innovative mould of advanced injection, to its production chain\u00a0subordinated to the highest quality standards and global logistic, is integrally\u00a0rational. This allows us to be the only ones that can offer a <strong>5 YEATS WARRANTY.<\/strong><\/p>\n<p>Korflip is provided in set with 36 seats piled up on a practical trolley with wheels,\u00a0which facilitates so much the storage works, as well as the transport. Optimizing the\u00a0piled up one in only one set, and being able to store up to 50 booster seats in only\u00a0one trolley.<br \/>\n[\/et_pb_text][\/et_pb_column][\/et_pb_row][\/et_pb_section][et_pb_section fb_built=&#8221;1&#8243; fullwidth=&#8221;on&#8221; disabled_on=&#8221;off|off|off&#8221; admin_label=&#8221;section&#8221; _builder_version=&#8221;4.16&#8243; global_colors_info=&#8221;{}&#8221;][et_pb_fullwidth_slider show_arrows=&#8221;off&#8221; show_pagination=&#8221;off&#8221; admin_label=&#8221;Fullwidth Slider&#8221; _builder_version=&#8221;4.17.6&#8243; header_font=&#8221;|on||on|&#8221; parallax=&#8221;on&#8221; custom_padding=&#8221;|||&#8221; custom_css_slide_description=&#8221;text-shadow: 2px 2px 7px #000;&#8221; custom_css_slide_title=&#8221;text-shadow: 2px 2px 7px #000;&#8221; global_colors_info=&#8221;{}&#8221; button_text_size__hover_enabled=&#8221;off&#8221; button_text_size__hover=&#8221;null&#8221; button_one_text_size__hover_enabled=&#8221;off&#8221; button_one_text_size__hover=&#8221;null&#8221; button_two_text_size__hover_enabled=&#8221;off&#8221; button_two_text_size__hover=&#8221;null&#8221; button_text_color__hover_enabled=&#8221;off&#8221; button_text_color__hover=&#8221;null&#8221; button_one_text_color__hover_enabled=&#8221;off&#8221; button_one_text_color__hover=&#8221;null&#8221; button_two_text_color__hover_enabled=&#8221;off&#8221; button_two_text_color__hover=&#8221;null&#8221; button_border_width__hover_enabled=&#8221;off&#8221; button_border_width__hover=&#8221;null&#8221; button_one_border_width__hover_enabled=&#8221;off&#8221; button_one_border_width__hover=&#8221;null&#8221; button_two_border_width__hover_enabled=&#8221;off&#8221; button_two_border_width__hover=&#8221;null&#8221; button_border_color__hover_enabled=&#8221;off&#8221; button_border_color__hover=&#8221;null&#8221; button_one_border_color__hover_enabled=&#8221;off&#8221; button_one_border_color__hover=&#8221;null&#8221; button_two_border_color__hover_enabled=&#8221;off&#8221; button_two_border_color__hover=&#8221;null&#8221; button_border_radius__hover_enabled=&#8221;off&#8221; button_border_radius__hover=&#8221;null&#8221; button_one_border_radius__hover_enabled=&#8221;off&#8221; button_one_border_radius__hover=&#8221;null&#8221; button_two_border_radius__hover_enabled=&#8221;off&#8221; button_two_border_radius__hover=&#8221;null&#8221; button_letter_spacing__hover_enabled=&#8221;off&#8221; button_letter_spacing__hover=&#8221;null&#8221; button_one_letter_spacing__hover_enabled=&#8221;off&#8221; button_one_letter_spacing__hover=&#8221;null&#8221; button_two_letter_spacing__hover_enabled=&#8221;off&#8221; button_two_letter_spacing__hover=&#8221;null&#8221; button_bg_color__hover_enabled=&#8221;off&#8221; button_bg_color__hover=&#8221;null&#8221; button_one_bg_color__hover_enabled=&#8221;off&#8221; button_one_bg_color__hover=&#8221;null&#8221; button_two_bg_color__hover_enabled=&#8221;off&#8221; button_two_bg_color__hover=&#8221;null&#8221;][et_pb_slide heading=&#8221;Fireproof certificate&#8221; button_text=&#8221;Fireproof certificate&#8221; button_link=&#8221;https:\/\/korflipshop.com\/pdf\/korflip-fireproof-certificate.pdf&#8221; use_bg_overlay=&#8221;off&#8221; use_text_overlay=&#8221;off&#8221; _builder_version=&#8221;4.17.6&#8243; header_font=&#8221;||||&#8221; body_font=&#8221;||||&#8221; background_color=&#8221;#ffffff&#8221; background_image=&#8221;https:\/\/korflipshop.com\/ca\/wp-content\/uploads\/sites\/7\/2017\/10\/butacas-alzadores-infantiles.jpg&#8221; background_size=&#8221;contain&#8221; button_on_hover=&#8221;on&#8221; global_colors_info=&#8221;{}&#8221; button_text_size__hover_enabled=&#8221;off&#8221; button_one_text_size__hover_enabled=&#8221;off&#8221; button_two_text_size__hover_enabled=&#8221;off&#8221; button_text_color__hover_enabled=&#8221;off&#8221; button_one_text_color__hover_enabled=&#8221;off&#8221; button_two_text_color__hover_enabled=&#8221;off&#8221; button_border_width__hover_enabled=&#8221;off&#8221; button_one_border_width__hover_enabled=&#8221;off&#8221; button_two_border_width__hover_enabled=&#8221;off&#8221; button_border_color__hover_enabled=&#8221;off&#8221; button_one_border_color__hover_enabled=&#8221;off&#8221; button_two_border_color__hover_enabled=&#8221;off&#8221; button_border_radius__hover_enabled=&#8221;off&#8221; button_one_border_radius__hover_enabled=&#8221;off&#8221; button_two_border_radius__hover_enabled=&#8221;off&#8221; button_letter_spacing__hover_enabled=&#8221;off&#8221; button_one_letter_spacing__hover_enabled=&#8221;off&#8221; button_two_letter_spacing__hover_enabled=&#8221;off&#8221; button_bg_color__hover_enabled=&#8221;off&#8221; button_one_bg_color__hover_enabled=&#8221;off&#8221; button_two_bg_color__hover_enabled=&#8221;off&#8221; sticky_transition=&#8221;on&#8221;]<\/p>\n<p>Korflip manufacture is made with the latest machinery. Guaranteeing that each and every one of the pieces injected, comply with all the quality standards demanded by the different international organisms. Endorsed and certified by the ENAC under UNE (EN).<\/p>\n<p>[\/et_pb_slide][\/et_pb_fullwidth_slider][\/et_pb_section][et_pb_section fb_built=&#8221;1&#8243; _builder_version=&#8221;4.16&#8243; global_colors_info=&#8221;{}&#8221;][et_pb_row column_structure=&#8221;1_3,2_3&#8243; _builder_version=&#8221;3.19.8&#8243; global_module=&#8221;451&#8243; global_colors_info=&#8221;{}&#8221;][et_pb_column type=&#8221;1_3&#8243; _builder_version=&#8221;4.16&#8243; custom_padding=&#8221;|||&#8221; global_colors_info=&#8221;{}&#8221; custom_padding__hover=&#8221;|||&#8221;][et_pb_text _builder_version=&#8221;4.16&#8243; header_font_size=&#8221;26&#8243; global_colors_info=&#8221;{}&#8221;]<\/p>\n<h1>Customer Support<\/h1>\n<p>[\/et_pb_text][et_pb_blurb title=&#8221;info@korflipshop.com&#8221; use_icon=&#8221;on&#8221; font_icon=&#8221;&#xe076;||divi||400&#8243; icon_color=&#8221;#ffffff&#8221; image_icon_background_color=&#8221;#000000&#8243; icon_placement=&#8221;left&#8221; image_icon_width=&#8221;16px&#8221; admin_label=&#8221;Email&#8221; _builder_version=&#8221;4.16&#8243; header_text_color=&#8221;#000000&#8243; background_size=&#8221;initial&#8221; background_position=&#8221;top_left&#8221; background_repeat=&#8221;repeat&#8221; image_icon_custom_padding=&#8221;8px|8px|8px|8px|false|false&#8221; max_width_tablet=&#8221;50px&#8221; animation=&#8221;left&#8221; border_radii_image=&#8221;on|100%|100%|100%|100%&#8221; use_border_color=&#8221;off&#8221; use_circle=&#8221;on&#8221; circle_border_color=&#8221;#fe0b0b&#8221; circle_color=&#8221;#000000&#8243; global_colors_info=&#8221;{}&#8221; image_icon_background_color__sticky_enabled=&#8221;#e02b20&#8243; image_icon_background_color__sticky=&#8221;#e02b20&#8243;]<\/p>\n<p>Email<\/p>\n<p>[\/et_pb_blurb][et_pb_blurb title=&#8221;+1 872 302 8372&#8243; image=&#8221;https:\/\/korflipshop.com\/ca\/wp-content\/uploads\/sites\/7\/2018\/02\/bandera-usa.png&#8221; icon_placement=&#8221;left&#8221; admin_label=&#8221;Tel\u00e9fono USA&#8221; _builder_version=&#8221;4.16&#8243; header_text_color=&#8221;#000000&#8243; background_size=&#8221;initial&#8221; background_position=&#8221;top_left&#8221; background_repeat=&#8221;repeat&#8221; max_width_tablet=&#8221;50px&#8221; animation=&#8221;left&#8221; use_circle=&#8221;on&#8221; circle_color=&#8221;#000000&#8243; global_colors_info=&#8221;{}&#8221;]<\/p>\n<p>Korflip Center USA<\/p>\n<p>[\/et_pb_blurb][et_pb_blurb title=&#8221;+44 127 380 81 65&#8243; image=&#8221;https:\/\/korflipshop.com\/ca\/wp-content\/uploads\/sites\/7\/2017\/10\/bandera-uk.png&#8221; icon_placement=&#8221;left&#8221; admin_label=&#8221;Tel\u00e9fono UK&#8221; _builder_version=&#8221;4.16&#8243; header_text_color=&#8221;#000000&#8243; background_size=&#8221;initial&#8221; background_position=&#8221;top_left&#8221; background_repeat=&#8221;repeat&#8221; max_width_tablet=&#8221;50px&#8221; animation=&#8221;left&#8221; use_circle=&#8221;on&#8221; circle_color=&#8221;#000000&#8243; global_colors_info=&#8221;{}&#8221;]<\/p>\n<p>Korflip Center UK<\/p>\n<p>[\/et_pb_blurb][et_pb_blurb title=&#8221;+34 925 58 37 84&#8243; image=&#8221;https:\/\/korflipshop.com\/ca\/wp-content\/uploads\/sites\/7\/2017\/10\/bandera-spain-1.png&#8221; icon_placement=&#8221;left&#8221; admin_label=&#8221;Tel\u00e9fono Espa\u00f1a&#8221; _builder_version=&#8221;4.16&#8243; header_text_color=&#8221;#000000&#8243; background_size=&#8221;initial&#8221; background_position=&#8221;top_left&#8221; background_repeat=&#8221;repeat&#8221; max_width_tablet=&#8221;50px&#8221; animation=&#8221;left&#8221; use_circle=&#8221;on&#8221; circle_color=&#8221;#000000&#8243; global_colors_info=&#8221;{}&#8221;]<\/p>\n<p>Korflip Center Spain<\/p>\n<p>[\/et_pb_blurb][\/et_pb_column][et_pb_column type=&#8221;2_3&#8243; _builder_version=&#8221;4.16&#8243; custom_padding=&#8221;|||&#8221; global_colors_info=&#8221;{}&#8221; custom_padding__hover=&#8221;|||&#8221;][et_pb_contact_form email=&#8221;info@korflipshop.com&#8221; title=&#8221;Contact form&#8221; custom_message=&#8221;Has recibido un nuevo mensaje de contacto a trav\u00e9s de Korflip Shop CA.||et_pb_line_break_holder||Nombre: %%name%%||et_pb_line_break_holder||Tel\u00e9fono: %%phone%%||et_pb_line_break_holder||Pa\u00eds: %%country%%||et_pb_line_break_holder||Correo electr\u00f3nico: %%email%%||et_pb_line_break_holder||Cantidad de alzadores en los que est\u00e1 interesado el cliente: %%alzadores%%||et_pb_line_break_holder||Consulta del cliente: %%message%% &#8221; success_message=&#8221;Thank you for contact with Korflip. One of our agents will contact with you soon.&#8221; submit_button_text=&#8221;Submit&#8221; admin_label=&#8221;Contact Form&#8221; _builder_version=&#8221;4.16&#8243; _unique_id=&#8221;8ff744a9-8e33-4137-b9e9-211d428f1fba&#8221; global_colors_info=&#8221;{}&#8221;][et_pb_contact_field field_id=&#8221;Name&#8221; field_title=&#8221;Name&#8221; _builder_version=&#8221;4.16&#8243; form_field_font=&#8221;||||&#8221; use_border_color=&#8221;off&#8221; border_style=&#8221;solid&#8221; global_colors_info=&#8221;{}&#8221;][\/et_pb_contact_field][et_pb_contact_field field_id=&#8221;phone&#8221; field_title=&#8221;Phone&#8221; _builder_version=&#8221;4.16&#8243; form_field_font=&#8221;||||&#8221; use_border_color=&#8221;off&#8221; border_style=&#8221;solid&#8221; global_colors_info=&#8221;{}&#8221;][\/et_pb_contact_field][et_pb_contact_field field_id=&#8221;country&#8221; field_title=&#8221;Country&#8221; _builder_version=&#8221;3.19.8&#8243; form_field_font=&#8221;||||&#8221; use_border_color=&#8221;off&#8221; border_style=&#8221;solid&#8221; global_colors_info=&#8221;{}&#8221;][\/et_pb_contact_field][et_pb_contact_field field_id=&#8221;alzadores&#8221; field_title=&#8221;Number of booster seats that you are interested&#8221; _builder_version=&#8221;4.15&#8243; form_field_font=&#8221;||||&#8221; use_border_color=&#8221;off&#8221; border_style=&#8221;solid&#8221; global_colors_info=&#8221;{}&#8221;][\/et_pb_contact_field][et_pb_contact_field field_id=&#8221;Email&#8221; field_title=&#8221;Email&#8221; field_type=&#8221;email&#8221; fullwidth_field=&#8221;on&#8221; _builder_version=&#8221;3.19.8&#8243; form_field_font=&#8221;||||&#8221; use_border_color=&#8221;off&#8221; border_style=&#8221;solid&#8221; global_colors_info=&#8221;{}&#8221;][\/et_pb_contact_field][et_pb_contact_field field_id=&#8221;Message&#8221; field_title=&#8221;Message&#8221; field_type=&#8221;text&#8221; fullwidth_field=&#8221;on&#8221; _builder_version=&#8221;4.16&#8243; form_field_font=&#8221;||||&#8221; use_border_color=&#8221;off&#8221; border_style=&#8221;solid&#8221; global_colors_info=&#8221;{}&#8221;][\/et_pb_contact_field][\/et_pb_contact_form][\/et_pb_column][\/et_pb_row][\/et_pb_section]<\/p>\n","protected":false},"excerpt":{"rendered":"<p>Korflip is the only booster seat of the market on a global scale that fulfills the current regulations on the subject of preventive safety against fires.24 Hour Shipping to Canada Cinema and theaters booster seats (36 units packs) Korflip is the indispensable element that cannot be missing in all movie rooms,\u00a0theaters, assembly rooms, polyvalent lounges [&hellip;]<\/p>\n","protected":false},"author":1,"featured_media":0,"parent":0,"menu_order":0,"comment_status":"closed","ping_status":"closed","template":"","meta":{"_et_pb_use_builder":"on","_et_pb_old_content":"","_et_gb_content_width":"","footnotes":""},"class_list":["post-114","page","type-page","status-publish","hentry"],"_links":{"self":[{"href":"https:\/\/korflipshop.com\/ca\/wp-json\/wp\/v2\/pages\/114","targetHints":{"allow":["GET"]}}],"collection":[{"href":"https:\/\/korflipshop.com\/ca\/wp-json\/wp\/v2\/pages"}],"about":[{"href":"https:\/\/korflipshop.com\/ca\/wp-json\/wp\/v2\/types\/page"}],"author":[{"embeddable":true,"href":"https:\/\/korflipshop.com\/ca\/wp-json\/wp\/v2\/users\/1"}],"replies":[{"embeddable":true,"href":"https:\/\/korflipshop.com\/ca\/wp-json\/wp\/v2\/comments?post=114"}],"version-history":[{"count":92,"href":"https:\/\/korflipshop.com\/ca\/wp-json\/wp\/v2\/pages\/114\/revisions"}],"predecessor-version":[{"id":557,"href":"https:\/\/korflipshop.com\/ca\/wp-json\/wp\/v2\/pages\/114\/revisions\/557"}],"wp:attachment":[{"href":"https:\/\/korflipshop.com\/ca\/wp-json\/wp\/v2\/media?parent=114"}],"curies":[{"name":"wp","href":"https:\/\/api.w.org\/{rel}","templated":true}]}}