{"id":123,"date":"2017-10-20T06:16:11","date_gmt":"2017-10-20T06:16:11","guid":{"rendered":"https:\/\/korflipshop.com\/es-la\/?post_type=product&#038;p=123"},"modified":"2026-01-13T12:36:27","modified_gmt":"2026-01-13T12:36:27","slug":"alzadores-para-butacas-color-azul","status":"publish","type":"product","link":"https:\/\/korflipshop.com\/es-la\/producto\/alzadores-para-butacas-color-azul\/","title":{"rendered":"Alzadores para butacas &#8211; Color Azul"},"content":{"rendered":"<p><strong>Korflip es el elemento indispensable que no puede faltar en aquellas salas de cine, teatros, salones de actos, salones polivalentes de usos m\u00faltiples, auditorios, estadios<\/strong>\u00a0y todos aquellos patios de butacas que puedan ser usados por ni\u00f1os.\u00a0<strong>Korflip<\/strong>\u00a0aporta una elevaci\u00f3n extra de casi 15cm, permitiendo de ese modo salvar el reposa cabezas del asiento que le precede. Posibilitando de ese modo, que los m\u00e1s peque\u00f1os puedan tener una visibilidad \u00f3ptima.<\/p>\n<p><img loading=\"lazy\" decoding=\"async\" class=\"aligncenter wp-image-101 size-full\" src=\"https:\/\/korflipshop.com\/es-la\/wp-content\/uploads\/sites\/8\/2017\/10\/ficha-tenica-alzador-infantil.jpg\" alt=\"\" width=\"800\" height=\"396\" srcset=\"https:\/\/korflipshop.com\/es-la\/wp-content\/uploads\/sites\/8\/2017\/10\/ficha-tenica-alzador-infantil.jpg 800w, https:\/\/korflipshop.com\/es-la\/wp-content\/uploads\/sites\/8\/2017\/10\/ficha-tenica-alzador-infantil-300x149.jpg 300w, https:\/\/korflipshop.com\/es-la\/wp-content\/uploads\/sites\/8\/2017\/10\/ficha-tenica-alzador-infantil-768x380.jpg 768w, https:\/\/korflipshop.com\/es-la\/wp-content\/uploads\/sites\/8\/2017\/10\/ficha-tenica-alzador-infantil-510x252.jpg 510w\" sizes=\"(max-width: 800px) 100vw, 800px\" \/><\/p>\n<p>Su\u00a0<strong>dise\u00f1o ergon\u00f3mico<\/strong>\u00a0especialmente dise\u00f1ado y concebido para uso infantil, hace que resulte sumamente c\u00f3modo. Fabricado en\u00a0<strong>PVC inyectado de alta resistencia, es muy resistente y duradero<\/strong>. Adem\u00e1s de sumamente f\u00e1cil de limpiar y mantener, permaneciendo inalterable por muchos a\u00f1os.<\/p>\n<p>Carece de aristas pronunciadas, sus bordes y salientes han sido suavizados para aportar un tacto agradable, con una ligera rugosidad que impide el deslizamiento de los ni\u00f1os. Adem\u00e1s de confortable, resulta seguro, resistente y de muy f\u00e1cil limpieza.<\/p>\n<p>Su producci\u00f3n es en serie, con certificado ign\u00edfugo, adapt\u00e1ndose as\u00ed a las m\u00e1s estrictas normativas internacionales en materia de seguridad preventiva contra incendios.<\/p>\n","protected":false},"excerpt":{"rendered":"<p><strong>Pack de 36 unidades de alzadores infantiles para butacas de cine y teatro.<\/strong><\/p>\n<p><img decoding=\"async\" style=\"width: 10%; vertical-align: middle; padding: 3px;\" src=\"https:\/\/korflipshop.com\/wp-content\/uploads\/2018\/01\/ignifugo.png\" alt=\"Korflip es el \u00fanico alzador infantil para butacas con certificado ign\u00edfugo homologado para cines y teatros\" \/><strong>Korflip es el \u00fanico alzador infantil para butacas con certificado ign\u00edfugo homologado para cines y teatros.<\/strong><\/p>\n<p>Bajo normas UNE (EN) para su uso en cines, teatros, auditorios y estadios deportivos de todo el mundo.<\/p>\n<ul>\n<li><strong>Fabricado con PVC termoinyectado<\/strong><\/li>\n<li><strong>Resistente a los golpes<\/strong><\/li>\n<li>Aristas suavizadas (anticortes)<\/li>\n<li>Ergon\u00f3mico y confortable<\/li>\n<li><strong>Base antideslizante con mayor agarre<\/strong><\/li>\n<li>Superficie del asiento antideslizante<\/li>\n<li>Asa trasera para facilitar su transporte<\/li>\n<li>Peso:\u00a0700g<\/li>\n<li>Color: Azul<\/li>\n<li><strong>5 a\u00f1os de garant\u00eda<\/strong><\/li>\n<\/ul>\n<p><strong>*El pack incluye carrito para almacenaje y transporte.<\/strong><\/p>\n<p><a title=\"Descarga aqu\u00ed el certificado ign\u00edfugo\" href=\"https:\/\/korflipshop.com\/pdf\/certificado-ignifugo-korflip.pdf\" target=\"_blank\" rel=\"noopener noreferrer\"><img decoding=\"async\" style=\"width: 10%; vertical-align: middle; padding: 3px;\" src=\"https:\/\/korflipshop.com\/wp-content\/uploads\/2018\/01\/pdf-download.png\" alt=\"Descarga aqu\u00ed el certificado ign\u00edfugo\" \/><\/a><strong>Descarga el certificado ign\u00edfugo de Korlfip.<\/strong><\/p>\n","protected":false},"featured_media":124,"template":"","meta":{"_et_pb_use_builder":"","_et_pb_old_content":"","_et_gb_content_width":""},"product_brand":[],"product_cat":[16],"product_tag":[],"class_list":{"0":"post-123","1":"product","2":"type-product","3":"status-publish","4":"has-post-thumbnail","6":"product_cat-alzadores-korflip","8":"first","9":"instock","10":"shipping-taxable","11":"purchasable","12":"product-type-variable"},"_links":{"self":[{"href":"https:\/\/korflipshop.com\/es-la\/wp-json\/wp\/v2\/product\/123","targetHints":{"allow":["GET"]}}],"collection":[{"href":"https:\/\/korflipshop.com\/es-la\/wp-json\/wp\/v2\/product"}],"about":[{"href":"https:\/\/korflipshop.com\/es-la\/wp-json\/wp\/v2\/types\/product"}],"wp:featuredmedia":[{"embeddable":true,"href":"https:\/\/korflipshop.com\/es-la\/wp-json\/wp\/v2\/media\/124"}],"wp:attachment":[{"href":"https:\/\/korflipshop.com\/es-la\/wp-json\/wp\/v2\/media?parent=123"}],"wp:term":[{"taxonomy":"product_brand","embeddable":true,"href":"https:\/\/korflipshop.com\/es-la\/wp-json\/wp\/v2\/product_brand?post=123"},{"taxonomy":"product_cat","embeddable":true,"href":"https:\/\/korflipshop.com\/es-la\/wp-json\/wp\/v2\/product_cat?post=123"},{"taxonomy":"product_tag","embeddable":true,"href":"https:\/\/korflipshop.com\/es-la\/wp-json\/wp\/v2\/product_tag?post=123"}],"curies":[{"name":"wp","href":"https:\/\/api.w.org\/{rel}","templated":true}]}}