{"id":224,"date":"2019-04-22T11:23:43","date_gmt":"2019-04-22T11:23:43","guid":{"rendered":"https:\/\/korflipshop.com\/es-la\/?post_type=product&#038;p=224"},"modified":"2026-01-13T12:38:56","modified_gmt":"2026-01-13T12:38:56","slug":"charola-portavasos-para-dulceria-de-cine","status":"publish","type":"product","link":"https:\/\/korflipshop.com\/es-la\/producto\/charola-portavasos-para-dulceria-de-cine\/","title":{"rendered":"Charola con portavasos para dulcer\u00eda de cine"},"content":{"rendered":"<p>Packs de 50 charolas para dulcer\u00eda de cine y teatro, fabricadas con pl\u00e1stico inyectado de gran resistencia y durabilidad. Su instalaci\u00f3n es universal, se adapta a todas las butacas que tengan posavasos. Ampl\u00eda la capacidad de la misma, permitiendo al usuario depositar sus palomitas, refrescos y snacks en la bandeja c\u00f3modamente.<\/p>\n<p>Su mantenimiento es nulo, ya que son f\u00e1cilmente limpiables, adem\u00e1s ayudan a mantener la sala m\u00e1s limpia, ya que el usuario tiene en todo momento su comida perfectamente ordenada y a mano.<\/p>\n<p>Pack de 50 charolas.<\/p>\n","protected":false},"excerpt":{"rendered":"<p><strong>Charolas con portavasos para dulcer\u00eda de cine<\/strong>. Fabricadas en pl\u00e1stico de primera calidad, de gran resistencia y durabilidad.<\/p>\n<p><strong>Packs de 50 unidades.<\/strong><\/p>\n","protected":false},"featured_media":253,"template":"","meta":{"_et_pb_use_builder":"","_et_pb_old_content":"","_et_gb_content_width":""},"product_brand":[],"product_cat":[24],"product_tag":[],"class_list":{"0":"post-224","1":"product","2":"type-product","3":"status-publish","4":"has-post-thumbnail","6":"product_cat-bandejas-korflip","8":"first","9":"instock","10":"shipping-taxable","11":"purchasable","12":"product-type-simple"},"_links":{"self":[{"href":"https:\/\/korflipshop.com\/es-la\/wp-json\/wp\/v2\/product\/224","targetHints":{"allow":["GET"]}}],"collection":[{"href":"https:\/\/korflipshop.com\/es-la\/wp-json\/wp\/v2\/product"}],"about":[{"href":"https:\/\/korflipshop.com\/es-la\/wp-json\/wp\/v2\/types\/product"}],"wp:featuredmedia":[{"embeddable":true,"href":"https:\/\/korflipshop.com\/es-la\/wp-json\/wp\/v2\/media\/253"}],"wp:attachment":[{"href":"https:\/\/korflipshop.com\/es-la\/wp-json\/wp\/v2\/media?parent=224"}],"wp:term":[{"taxonomy":"product_brand","embeddable":true,"href":"https:\/\/korflipshop.com\/es-la\/wp-json\/wp\/v2\/product_brand?post=224"},{"taxonomy":"product_cat","embeddable":true,"href":"https:\/\/korflipshop.com\/es-la\/wp-json\/wp\/v2\/product_cat?post=224"},{"taxonomy":"product_tag","embeddable":true,"href":"https:\/\/korflipshop.com\/es-la\/wp-json\/wp\/v2\/product_tag?post=224"}],"curies":[{"name":"wp","href":"https:\/\/api.w.org\/{rel}","templated":true}]}}