{"id":139,"date":"2018-01-02T13:58:20","date_gmt":"2018-01-02T13:58:20","guid":{"rendered":"https:\/\/korflipshop.com\/es\/?page_id=139"},"modified":"2018-02-12T10:43:59","modified_gmt":"2018-02-12T10:43:59","slug":"aviso-legal","status":"publish","type":"page","link":"https:\/\/korflipshop.com\/es\/aviso-legal\/","title":{"rendered":"Aviso Legal"},"content":{"rendered":"<p>[et_pb_section bb_built=\u00bb1&#8243;][et_pb_row][et_pb_column type=\u00bb4_4&#8243;][et_pb_text _builder_version=\u00bb3.0.92&#8243; background_layout=\u00bblight\u00bb]<\/p>\n<h1>Aviso Legal<\/h1>\n<p>[\/et_pb_text][et_pb_text _builder_version=\u00bb3.0.98&#8243; background_layout=\u00bblight\u00bb]<\/p>\n<p>Para dar cumplimiento a lo establecido en la ley 34\/2002 de 11 de julio, de Servicios de la Sociedad de la Informaci\u00f3n y de Comercio Electr\u00f3nico (LSSICE), a continuaci\u00f3n se indican los datos de informaci\u00f3n general del sitio web www.korflipshop.com<\/p>\n<p>Condiciones Generales de uso: El usuario accede voluntariamente a este sitio web, lo que implica que lo utilizar\u00e1 conforme al presente aviso legal y las Condiciones Particulares de ciertos servicios, la ley, la moral la buena fe y\/o las buenas costumbres. Korflip Shop se reserva el derecho a modificar sin previo aviso el contenido de este aviso legal, por tanto y para una correcta utilizaci\u00f3n del sitio web, le recomendamos que visite esta secci\u00f3n.<\/p>\n<p>Propiedad intelectual e industrial de Korflip Shop, presenta los contenidos que figuran en este sitio web con fines de informaci\u00f3n de sus actividades y publicaciones. Por ello, se proh\u00edbe expresamente su reproducci\u00f3n, copia, modificaci\u00f3n, distribuci\u00f3n o transformaci\u00f3n para otras finalidades sin la expresa autorizaci\u00f3n por escrito a Korflip Shop. Korflip Shop se reserva el derecho a modificar, actualizar o suprimir cualquiera de los contenidos de este sitio web, en cualquier momento y sin previo aviso.<\/p>\n<p>Limitaci\u00f3n de la responsabilidad. La informaci\u00f3n contenida en este sitio web puede no ser correcta, pese a los esfuerzos realizados para llevar a cabo su exactitud y actualizaci\u00f3n. En consecuencia, Korflip Shop, no se responsabiliza de los errores contenidos, ni de los da\u00f1os o perjuicios derivados de su utilizaci\u00f3n.<br \/>\nEste sitio web contiene enlaces a otros sitios webs ajenos a Korflip Shop, enlaces que se presentan \u00fanicamente con fines informativos. La responsabilidad de los contenidos de las p\u00e1ginas enlazadas corresponde a los respectivos titulares de dichas p\u00e1ginas. Korflip Shop no se hace responsable de los da\u00f1os y perjuicios derivados del uso de este sitio web o de sus contenidos, no garantizando la ausencia de virus o la imposibilidad de causar da\u00f1os en los sistemas inform\u00e1ticos de los usuarios.<\/p>\n<p>Pol\u00edtica de Protecci\u00f3n de Datos de car\u00e1cter personal. A trav\u00e9s del presente aviso legal, Korflip Shop, informa a los usuarios de este sitio web, en cumplimiento de la Ley Org\u00e1nica 15\/1999 de 13 de Diciembre, de Protecci\u00f3n de Datos de Car\u00e1cter Personal (LOPDP) sobre su pol\u00edtica de protecci\u00f3n de datos personales con la finalidad de que \u00e9stos decidan de forma expresa, libre y voluntaria, si desean facilitar a Korflip Shop los datos personales que les son solicitados.<br \/>\nEl usuario, al facilitar voluntariamente sus datos personales a trav\u00e9s de cualquier formulario de este sitio web o mensaje de correo electr\u00f3nico aceptar su env\u00edo, autoriza expresamente a Korflip Shop para que los trate e incorpore en un fichero de su propiedad. La recogida y tratamiento de los datos personales que el usuario facilite tiene como finalidad el mantenimiento, garant\u00eda y control de la relaci\u00f3n establecida entre \u00e9ste y Korflip Shop, remitirle informaci\u00f3n por correo electr\u00f3nico.<br \/>\nKorflip Shop ha adoptado las medidas t\u00e9cnicas necesarias para evitar la alteraci\u00f3n, p\u00e9rdida o tratamiento no autorizado a los datos personales que el usuario facilite, habida cuenta de las limitaciones que presenta Internet, y que manifiesta su compromiso de confidencialidad respecto al tratamiento de los datos personales del usuario.<br \/>\nEl usuario tiene derecho a acceder a la informaci\u00f3n que le concierne recopilada en el fichero de Korflip Shop, rectificarla de ser err\u00f3nea, cancelada u oponerse a su tratamiento por medio de mensaje de correo electr\u00f3nico dirigido a Korflip Shop, o por correo postal dirigido a la direcci\u00f3n que figura en el encabezamiento de esta nota legal. En ambos casos se deber\u00e1 acreditar suficientemente la identidad del usuario.<br \/>\nKorflip Shop informa que los datos personales de los usuarios de este sitio web no ser\u00e1n controlados por cookies que permitan su identificaci\u00f3n.<br \/>\nKorflip Shop utiliza google Analytics (ver aviso legal a continuaci\u00f3n) para analizar aspectos relativos al acceso a sus p\u00e1ginas webs, como por ejemplo las p\u00e1ginas m\u00e1s visitadas o el tiempo de las visitas. Esta informaci\u00f3n se tratar\u00e1 con finalidad de estad\u00edstica y para la mejora de los servicios que ofrece desde su sitio web y en ning\u00fan caso permitir\u00e1 conocer la identidad del usuario.<\/p>\n<p>Aviso Legal de Google Analytics. Esta p\u00e1gina web utiliza Google Analytics, un servicio anal\u00edtico de web prestado por Google, Inc. Una compa\u00f1\u00eda de Delaware cuya oficina principal esta en 1600 Amphitheatre Parkway, Mountain View (California), CA 94043, Estados Unidos (\u201cGoogle\u201d).<br \/>\nGoogle Analytics utiliza \u201ccookies\u201d, que son archivos de texto ubicados en su ordenador, para ayudar al website a analizar el uso que hacen los usuarios del sitio web. La informaci\u00f3n que genera la cookie acerca de su uso del website (incluyendo su direcci\u00f3n IP) ser\u00e1 directamente transmitida y archivada por Google en los servidores de Estados Unidos. Google usar\u00e1 esta informaci\u00f3n por cuenta nuestra con el prop\u00f3sito de seguir la pista y el uso del website, recopilando informes de la actividad del website y prestando otros servicios relacionados con la actividad del website y el uso de Internet. Google podr\u00e1 transmitir dicha informaci\u00f3n a terceros cuando as\u00ed se lo requiera la legislaci\u00f3n o cuando dichos terneros pocesen la informaci\u00f3n por cuenta de Google. Google no asociar\u00e1 su direcci\u00f3n IP con ning\u00fan otro dato del que disponga Google.<\/p>\n<p>Puede Usted rechazar el tratamiento de los datos o la informaci\u00f3n rechazando el uso de los cookies mediante la selecci\u00f3n de la configuraci\u00f3n apropiada de su navegador, sin embargo, debe Usted saber que si lo hace puede ser que no pueda usar la plena funcionalidad de este website. Al utilizar este website Usted consiente el tratamiento de la informaci\u00f3n acerca de Usted por Google en la forma y para los fines arriba indicados.<\/p>\n<p>[\/et_pb_text][\/et_pb_column][\/et_pb_row][\/et_pb_section]<\/p>\n","protected":false},"excerpt":{"rendered":"<p><div class=\"et_pb_row et_pb_row_0 et_pb_row_empty\">\n\t\t\t\t\n\t\t\t\t\n\t\t\t\t\n\t\t\t\t\n\t\t\t\t\n\t\t\t<\/div> Aviso Legal Para dar cumplimiento a lo establecido en la ley 34\/2002 de 11 de julio, de Servicios de la Sociedad de la Informaci\u00f3n y de Comercio Electr\u00f3nico (LSSICE), a continuaci\u00f3n se indican los datos de informaci\u00f3n general del sitio web www.korflipshop.com Condiciones Generales de uso: El usuario accede voluntariamente a este sitio web, [&hellip;]<\/p>\n","protected":false},"author":1,"featured_media":0,"parent":0,"menu_order":0,"comment_status":"closed","ping_status":"closed","template":"","meta":{"_et_pb_use_builder":"on","_et_pb_old_content":"","_et_gb_content_width":"","footnotes":""},"class_list":["post-139","page","type-page","status-publish","hentry"],"_links":{"self":[{"href":"https:\/\/korflipshop.com\/es\/wp-json\/wp\/v2\/pages\/139","targetHints":{"allow":["GET"]}}],"collection":[{"href":"https:\/\/korflipshop.com\/es\/wp-json\/wp\/v2\/pages"}],"about":[{"href":"https:\/\/korflipshop.com\/es\/wp-json\/wp\/v2\/types\/page"}],"author":[{"embeddable":true,"href":"https:\/\/korflipshop.com\/es\/wp-json\/wp\/v2\/users\/1"}],"replies":[{"embeddable":true,"href":"https:\/\/korflipshop.com\/es\/wp-json\/wp\/v2\/comments?post=139"}],"version-history":[{"count":2,"href":"https:\/\/korflipshop.com\/es\/wp-json\/wp\/v2\/pages\/139\/revisions"}],"predecessor-version":[{"id":176,"href":"https:\/\/korflipshop.com\/es\/wp-json\/wp\/v2\/pages\/139\/revisions\/176"}],"wp:attachment":[{"href":"https:\/\/korflipshop.com\/es\/wp-json\/wp\/v2\/media?parent=139"}],"curies":[{"name":"wp","href":"https:\/\/api.w.org\/{rel}","templated":true}]}}