{"id":223,"date":"2019-04-22T06:32:42","date_gmt":"2019-04-22T06:32:42","guid":{"rendered":"https:\/\/korflipshop.com\/es\/?post_type=product&#038;p=223"},"modified":"2019-07-18T08:37:09","modified_gmt":"2019-07-18T08:37:09","slug":"bandejas-porta-palomitas-refrescos-para-butacas","status":"publish","type":"product","link":"https:\/\/korflipshop.com\/es\/producto\/bandejas-porta-palomitas-refrescos-para-butacas\/","title":{"rendered":"Bandejas porta palomitas y refrescos para butacas"},"content":{"rendered":"<p>[et_pb_section fb_built=\u00bb1&#8243; admin_label=\u00bbsection\u00bb _builder_version=\u00bb3.0.47&#8243;][et_pb_row admin_label=\u00bbrow\u00bb _builder_version=\u00bb3.0.48&#8243; background_size=\u00bbinitial\u00bb background_position=\u00bbtop_left\u00bb background_repeat=\u00bbrepeat\u00bb][et_pb_column type=\u00bb4_4&#8243; _builder_version=\u00bb3.0.47&#8243;][et_pb_text admin_label=\u00bbText\u00bb _builder_version=\u00bb3.0.74&#8243; background_size=\u00bbinitial\u00bb background_position=\u00bbtop_left\u00bb background_repeat=\u00bbrepeat\u00bb]<\/p>\n<p><strong>Packs de 50 bandejas porta palomitas y refrescos para butacas de cine y teatro<\/strong>, fabricadas con pl\u00e1stico inyectado de gran resistencia y durabilidad. Su instalaci\u00f3n es universal, se adapta a todas las butacas que tengan posavasos. Ampl\u00eda la capacidad de la misma, permitiendo al usuario depositar sus palomitas, refrescos y snacks en la bandeja c\u00f3modamente.<\/p>\n<p>Su mantenimiento es nulo, ya que son f\u00e1cilmente limpiables, adem\u00e1s ayudan a mantener la sala m\u00e1s limpia, ya que el usuario tiene en todo momento su comida perfectamente ordenada y a mano.<\/p>\n<p><strong>Pack de 50 bandejas.<\/strong><\/p>\n<p>[\/et_pb_text][\/et_pb_column][\/et_pb_row][\/et_pb_section]<\/p>\n","protected":false},"excerpt":{"rendered":"<p><strong>Bandejas porta palomitas y refrescos para butacas de cine.<\/strong> Fabricadas en pl\u00e1stico de primera calidad, de gran resistencia y durabilidad.<\/p>\n<p><strong>Packs de 50 unidades.<\/strong><\/p>\n","protected":false},"featured_media":261,"template":"","meta":{"_et_pb_use_builder":"on","_et_pb_old_content":"<strong>Packs de 50 bandejas porta palomitas y refrescos para butacas de cine y teatro<\/strong>, fabricadas con pl\u00e1stico inyectado de gran resistencia y durabilidad. Su instalaci\u00f3n es universal, se adapta a todas las butacas que tengan posavasos. Ampl\u00eda la capacidad de la misma, permitiendo al usuario depositar sus palomitas, refrescos y snacks en la bandeja c\u00f3modamente.\r\n\r\nSu mantenimiento es nulo, ya que son f\u00e1cilmente limpiables, adem\u00e1s ayudan a mantener la sala m\u00e1s limpia, ya que el usuario tiene en todo momento su comida perfectamente ordenada y a mano.\r\n\r\n<strong>Se venden en pack de 50 bandejas.<\/strong>","_et_gb_content_width":""},"product_brand":[],"product_cat":[25],"product_tag":[],"class_list":{"0":"post-223","1":"product","2":"type-product","3":"status-publish","4":"has-post-thumbnail","6":"product_cat-bandejas-para-butacas","8":"first","9":"instock","10":"taxable","11":"shipping-taxable","12":"purchasable","13":"product-type-simple"},"_links":{"self":[{"href":"https:\/\/korflipshop.com\/es\/wp-json\/wp\/v2\/product\/223","targetHints":{"allow":["GET"]}}],"collection":[{"href":"https:\/\/korflipshop.com\/es\/wp-json\/wp\/v2\/product"}],"about":[{"href":"https:\/\/korflipshop.com\/es\/wp-json\/wp\/v2\/types\/product"}],"wp:featuredmedia":[{"embeddable":true,"href":"https:\/\/korflipshop.com\/es\/wp-json\/wp\/v2\/media\/261"}],"wp:attachment":[{"href":"https:\/\/korflipshop.com\/es\/wp-json\/wp\/v2\/media?parent=223"}],"wp:term":[{"taxonomy":"product_brand","embeddable":true,"href":"https:\/\/korflipshop.com\/es\/wp-json\/wp\/v2\/product_brand?post=223"},{"taxonomy":"product_cat","embeddable":true,"href":"https:\/\/korflipshop.com\/es\/wp-json\/wp\/v2\/product_cat?post=223"},{"taxonomy":"product_tag","embeddable":true,"href":"https:\/\/korflipshop.com\/es\/wp-json\/wp\/v2\/product_tag?post=223"}],"curies":[{"name":"wp","href":"https:\/\/api.w.org\/{rel}","templated":true}]}}