{"id":79,"date":"2020-01-17T11:04:16","date_gmt":"2020-01-17T10:04:16","guid":{"rendered":"https:\/\/korflipshop.com\/fr\/?page_id=79"},"modified":"2020-01-17T11:04:16","modified_gmt":"2020-01-17T10:04:16","slug":"avis-legal","status":"publish","type":"page","link":"https:\/\/korflipshop.com\/fr\/avis-legal\/","title":{"rendered":"Avis L\u00e9gal"},"content":{"rendered":"<p>[et_pb_section bb_built=\u00a0\u00bb1&Prime; inner_width=\u00a0\u00bbauto\u00a0\u00bb inner_max_width=\u00a0\u00bb1080px\u00a0\u00bb][et_pb_row][et_pb_column type=\u00a0\u00bb4_4&Prime; custom_padding__hover=\u00a0\u00bb|||\u00a0\u00bb custom_padding=\u00a0\u00bb|||\u00a0\u00bb][et_pb_text _builder_version=\u00a0\u00bb3.27.3&Prime; text_text_shadow_horizontal_length=\u00a0\u00bbtext_text_shadow_style,%91object Object%93&Prime; text_text_shadow_horizontal_length_tablet=\u00a0\u00bb0px\u00a0\u00bb text_text_shadow_vertical_length=\u00a0\u00bbtext_text_shadow_style,%91object Object%93&Prime; text_text_shadow_vertical_length_tablet=\u00a0\u00bb0px\u00a0\u00bb text_text_shadow_blur_strength=\u00a0\u00bbtext_text_shadow_style,%91object Object%93&Prime; text_text_shadow_blur_strength_tablet=\u00a0\u00bb1px\u00a0\u00bb link_text_shadow_horizontal_length=\u00a0\u00bblink_text_shadow_style,%91object Object%93&Prime; link_text_shadow_horizontal_length_tablet=\u00a0\u00bb0px\u00a0\u00bb link_text_shadow_vertical_length=\u00a0\u00bblink_text_shadow_style,%91object Object%93&Prime; link_text_shadow_vertical_length_tablet=\u00a0\u00bb0px\u00a0\u00bb link_text_shadow_blur_strength=\u00a0\u00bblink_text_shadow_style,%91object Object%93&Prime; link_text_shadow_blur_strength_tablet=\u00a0\u00bb1px\u00a0\u00bb ul_text_shadow_horizontal_length=\u00a0\u00bbul_text_shadow_style,%91object Object%93&Prime; ul_text_shadow_horizontal_length_tablet=\u00a0\u00bb0px\u00a0\u00bb ul_text_shadow_vertical_length=\u00a0\u00bbul_text_shadow_style,%91object Object%93&Prime; ul_text_shadow_vertical_length_tablet=\u00a0\u00bb0px\u00a0\u00bb ul_text_shadow_blur_strength=\u00a0\u00bbul_text_shadow_style,%91object Object%93&Prime; ul_text_shadow_blur_strength_tablet=\u00a0\u00bb1px\u00a0\u00bb ol_text_shadow_horizontal_length=\u00a0\u00bbol_text_shadow_style,%91object Object%93&Prime; ol_text_shadow_horizontal_length_tablet=\u00a0\u00bb0px\u00a0\u00bb ol_text_shadow_vertical_length=\u00a0\u00bbol_text_shadow_style,%91object Object%93&Prime; ol_text_shadow_vertical_length_tablet=\u00a0\u00bb0px\u00a0\u00bb ol_text_shadow_blur_strength=\u00a0\u00bbol_text_shadow_style,%91object Object%93&Prime; ol_text_shadow_blur_strength_tablet=\u00a0\u00bb1px\u00a0\u00bb quote_text_shadow_horizontal_length=\u00a0\u00bbquote_text_shadow_style,%91object Object%93&Prime; quote_text_shadow_horizontal_length_tablet=\u00a0\u00bb0px\u00a0\u00bb quote_text_shadow_vertical_length=\u00a0\u00bbquote_text_shadow_style,%91object Object%93&Prime; quote_text_shadow_vertical_length_tablet=\u00a0\u00bb0px\u00a0\u00bb quote_text_shadow_blur_strength=\u00a0\u00bbquote_text_shadow_style,%91object Object%93&Prime; quote_text_shadow_blur_strength_tablet=\u00a0\u00bb1px\u00a0\u00bb header_text_shadow_horizontal_length=\u00a0\u00bbheader_text_shadow_style,%91object Object%93&Prime; header_text_shadow_horizontal_length_tablet=\u00a0\u00bb0px\u00a0\u00bb header_text_shadow_vertical_length=\u00a0\u00bbheader_text_shadow_style,%91object Object%93&Prime; header_text_shadow_vertical_length_tablet=\u00a0\u00bb0px\u00a0\u00bb header_text_shadow_blur_strength=\u00a0\u00bbheader_text_shadow_style,%91object Object%93&Prime; header_text_shadow_blur_strength_tablet=\u00a0\u00bb1px\u00a0\u00bb header_2_text_shadow_horizontal_length=\u00a0\u00bbheader_2_text_shadow_style,%91object Object%93&Prime; header_2_text_shadow_horizontal_length_tablet=\u00a0\u00bb0px\u00a0\u00bb header_2_text_shadow_vertical_length=\u00a0\u00bbheader_2_text_shadow_style,%91object Object%93&Prime; header_2_text_shadow_vertical_length_tablet=\u00a0\u00bb0px\u00a0\u00bb header_2_text_shadow_blur_strength=\u00a0\u00bbheader_2_text_shadow_style,%91object Object%93&Prime; header_2_text_shadow_blur_strength_tablet=\u00a0\u00bb1px\u00a0\u00bb header_3_text_shadow_horizontal_length=\u00a0\u00bbheader_3_text_shadow_style,%91object Object%93&Prime; header_3_text_shadow_horizontal_length_tablet=\u00a0\u00bb0px\u00a0\u00bb header_3_text_shadow_vertical_length=\u00a0\u00bbheader_3_text_shadow_style,%91object Object%93&Prime; header_3_text_shadow_vertical_length_tablet=\u00a0\u00bb0px\u00a0\u00bb header_3_text_shadow_blur_strength=\u00a0\u00bbheader_3_text_shadow_style,%91object Object%93&Prime; header_3_text_shadow_blur_strength_tablet=\u00a0\u00bb1px\u00a0\u00bb header_4_text_shadow_horizontal_length=\u00a0\u00bbheader_4_text_shadow_style,%91object Object%93&Prime; header_4_text_shadow_horizontal_length_tablet=\u00a0\u00bb0px\u00a0\u00bb header_4_text_shadow_vertical_length=\u00a0\u00bbheader_4_text_shadow_style,%91object Object%93&Prime; header_4_text_shadow_vertical_length_tablet=\u00a0\u00bb0px\u00a0\u00bb header_4_text_shadow_blur_strength=\u00a0\u00bbheader_4_text_shadow_style,%91object Object%93&Prime; header_4_text_shadow_blur_strength_tablet=\u00a0\u00bb1px\u00a0\u00bb header_5_text_shadow_horizontal_length=\u00a0\u00bbheader_5_text_shadow_style,%91object Object%93&Prime; header_5_text_shadow_horizontal_length_tablet=\u00a0\u00bb0px\u00a0\u00bb header_5_text_shadow_vertical_length=\u00a0\u00bbheader_5_text_shadow_style,%91object Object%93&Prime; header_5_text_shadow_vertical_length_tablet=\u00a0\u00bb0px\u00a0\u00bb header_5_text_shadow_blur_strength=\u00a0\u00bbheader_5_text_shadow_style,%91object Object%93&Prime; header_5_text_shadow_blur_strength_tablet=\u00a0\u00bb1px\u00a0\u00bb header_6_text_shadow_horizontal_length=\u00a0\u00bbheader_6_text_shadow_style,%91object Object%93&Prime; header_6_text_shadow_horizontal_length_tablet=\u00a0\u00bb0px\u00a0\u00bb header_6_text_shadow_vertical_length=\u00a0\u00bbheader_6_text_shadow_style,%91object Object%93&Prime; header_6_text_shadow_vertical_length_tablet=\u00a0\u00bb0px\u00a0\u00bb header_6_text_shadow_blur_strength=\u00a0\u00bbheader_6_text_shadow_style,%91object Object%93&Prime; header_6_text_shadow_blur_strength_tablet=\u00a0\u00bb1px\u00a0\u00bb box_shadow_horizontal_tablet=\u00a0\u00bb0px\u00a0\u00bb box_shadow_vertical_tablet=\u00a0\u00bb0px\u00a0\u00bb box_shadow_blur_tablet=\u00a0\u00bb40px\u00a0\u00bb box_shadow_spread_tablet=\u00a0\u00bb0px\u00a0\u00bb z_index_tablet=\u00a0\u00bb500&Prime;]<\/p>\n<h1>Avis L\u00e9gal<\/h1>\n<p>[\/et_pb_text][et_pb_text _builder_version=\u00a0\u00bb3.27.3&Prime; text_text_shadow_horizontal_length=\u00a0\u00bbtext_text_shadow_style,%91object Object%93&Prime; text_text_shadow_horizontal_length_tablet=\u00a0\u00bb0px\u00a0\u00bb text_text_shadow_vertical_length=\u00a0\u00bbtext_text_shadow_style,%91object Object%93&Prime; text_text_shadow_vertical_length_tablet=\u00a0\u00bb0px\u00a0\u00bb text_text_shadow_blur_strength=\u00a0\u00bbtext_text_shadow_style,%91object Object%93&Prime; text_text_shadow_blur_strength_tablet=\u00a0\u00bb1px\u00a0\u00bb link_text_shadow_horizontal_length=\u00a0\u00bblink_text_shadow_style,%91object Object%93&Prime; link_text_shadow_horizontal_length_tablet=\u00a0\u00bb0px\u00a0\u00bb link_text_shadow_vertical_length=\u00a0\u00bblink_text_shadow_style,%91object Object%93&Prime; link_text_shadow_vertical_length_tablet=\u00a0\u00bb0px\u00a0\u00bb link_text_shadow_blur_strength=\u00a0\u00bblink_text_shadow_style,%91object Object%93&Prime; link_text_shadow_blur_strength_tablet=\u00a0\u00bb1px\u00a0\u00bb ul_text_shadow_horizontal_length=\u00a0\u00bbul_text_shadow_style,%91object Object%93&Prime; ul_text_shadow_horizontal_length_tablet=\u00a0\u00bb0px\u00a0\u00bb ul_text_shadow_vertical_length=\u00a0\u00bbul_text_shadow_style,%91object Object%93&Prime; ul_text_shadow_vertical_length_tablet=\u00a0\u00bb0px\u00a0\u00bb ul_text_shadow_blur_strength=\u00a0\u00bbul_text_shadow_style,%91object Object%93&Prime; ul_text_shadow_blur_strength_tablet=\u00a0\u00bb1px\u00a0\u00bb ol_text_shadow_horizontal_length=\u00a0\u00bbol_text_shadow_style,%91object Object%93&Prime; ol_text_shadow_horizontal_length_tablet=\u00a0\u00bb0px\u00a0\u00bb ol_text_shadow_vertical_length=\u00a0\u00bbol_text_shadow_style,%91object Object%93&Prime; ol_text_shadow_vertical_length_tablet=\u00a0\u00bb0px\u00a0\u00bb ol_text_shadow_blur_strength=\u00a0\u00bbol_text_shadow_style,%91object Object%93&Prime; ol_text_shadow_blur_strength_tablet=\u00a0\u00bb1px\u00a0\u00bb quote_text_shadow_horizontal_length=\u00a0\u00bbquote_text_shadow_style,%91object Object%93&Prime; quote_text_shadow_horizontal_length_tablet=\u00a0\u00bb0px\u00a0\u00bb quote_text_shadow_vertical_length=\u00a0\u00bbquote_text_shadow_style,%91object Object%93&Prime; quote_text_shadow_vertical_length_tablet=\u00a0\u00bb0px\u00a0\u00bb quote_text_shadow_blur_strength=\u00a0\u00bbquote_text_shadow_style,%91object Object%93&Prime; quote_text_shadow_blur_strength_tablet=\u00a0\u00bb1px\u00a0\u00bb header_text_shadow_horizontal_length=\u00a0\u00bbheader_text_shadow_style,%91object Object%93&Prime; header_text_shadow_horizontal_length_tablet=\u00a0\u00bb0px\u00a0\u00bb header_text_shadow_vertical_length=\u00a0\u00bbheader_text_shadow_style,%91object Object%93&Prime; header_text_shadow_vertical_length_tablet=\u00a0\u00bb0px\u00a0\u00bb header_text_shadow_blur_strength=\u00a0\u00bbheader_text_shadow_style,%91object Object%93&Prime; header_text_shadow_blur_strength_tablet=\u00a0\u00bb1px\u00a0\u00bb header_2_text_shadow_horizontal_length=\u00a0\u00bbheader_2_text_shadow_style,%91object Object%93&Prime; header_2_text_shadow_horizontal_length_tablet=\u00a0\u00bb0px\u00a0\u00bb header_2_text_shadow_vertical_length=\u00a0\u00bbheader_2_text_shadow_style,%91object Object%93&Prime; header_2_text_shadow_vertical_length_tablet=\u00a0\u00bb0px\u00a0\u00bb header_2_text_shadow_blur_strength=\u00a0\u00bbheader_2_text_shadow_style,%91object Object%93&Prime; header_2_text_shadow_blur_strength_tablet=\u00a0\u00bb1px\u00a0\u00bb header_3_text_shadow_horizontal_length=\u00a0\u00bbheader_3_text_shadow_style,%91object Object%93&Prime; header_3_text_shadow_horizontal_length_tablet=\u00a0\u00bb0px\u00a0\u00bb header_3_text_shadow_vertical_length=\u00a0\u00bbheader_3_text_shadow_style,%91object Object%93&Prime; header_3_text_shadow_vertical_length_tablet=\u00a0\u00bb0px\u00a0\u00bb header_3_text_shadow_blur_strength=\u00a0\u00bbheader_3_text_shadow_style,%91object Object%93&Prime; header_3_text_shadow_blur_strength_tablet=\u00a0\u00bb1px\u00a0\u00bb header_4_text_shadow_horizontal_length=\u00a0\u00bbheader_4_text_shadow_style,%91object Object%93&Prime; header_4_text_shadow_horizontal_length_tablet=\u00a0\u00bb0px\u00a0\u00bb header_4_text_shadow_vertical_length=\u00a0\u00bbheader_4_text_shadow_style,%91object Object%93&Prime; header_4_text_shadow_vertical_length_tablet=\u00a0\u00bb0px\u00a0\u00bb header_4_text_shadow_blur_strength=\u00a0\u00bbheader_4_text_shadow_style,%91object Object%93&Prime; header_4_text_shadow_blur_strength_tablet=\u00a0\u00bb1px\u00a0\u00bb header_5_text_shadow_horizontal_length=\u00a0\u00bbheader_5_text_shadow_style,%91object Object%93&Prime; header_5_text_shadow_horizontal_length_tablet=\u00a0\u00bb0px\u00a0\u00bb header_5_text_shadow_vertical_length=\u00a0\u00bbheader_5_text_shadow_style,%91object Object%93&Prime; header_5_text_shadow_vertical_length_tablet=\u00a0\u00bb0px\u00a0\u00bb header_5_text_shadow_blur_strength=\u00a0\u00bbheader_5_text_shadow_style,%91object Object%93&Prime; header_5_text_shadow_blur_strength_tablet=\u00a0\u00bb1px\u00a0\u00bb header_6_text_shadow_horizontal_length=\u00a0\u00bbheader_6_text_shadow_style,%91object Object%93&Prime; header_6_text_shadow_horizontal_length_tablet=\u00a0\u00bb0px\u00a0\u00bb header_6_text_shadow_vertical_length=\u00a0\u00bbheader_6_text_shadow_style,%91object Object%93&Prime; header_6_text_shadow_vertical_length_tablet=\u00a0\u00bb0px\u00a0\u00bb header_6_text_shadow_blur_strength=\u00a0\u00bbheader_6_text_shadow_style,%91object Object%93&Prime; header_6_text_shadow_blur_strength_tablet=\u00a0\u00bb1px\u00a0\u00bb box_shadow_horizontal_tablet=\u00a0\u00bb0px\u00a0\u00bb box_shadow_vertical_tablet=\u00a0\u00bb0px\u00a0\u00bb box_shadow_blur_tablet=\u00a0\u00bb40px\u00a0\u00bb box_shadow_spread_tablet=\u00a0\u00bb0px\u00a0\u00bb z_index_tablet=\u00a0\u00bb500&Prime;]<\/p>\n<p>Pour se conformer aux dispositions de la loi 34\/2002 du 11 juillet, Services de la Soci\u00e9t\u00e9 de l&rsquo;Information et du Commerce Electronique (LSSICE), voici les donn\u00e9es g\u00e9n\u00e9rales d&rsquo;information du site www.korflipshop.com<\/p>\n<p>Conditions g\u00e9n\u00e9rales d&rsquo;utilisation: L&rsquo;utilisateur acc\u00e8de volontairement \u00e0 ce site, ce qui implique qu&rsquo;il l&rsquo;utilisera conform\u00e9ment aux pr\u00e9sentes mentions l\u00e9gales et aux conditions particuli\u00e8res de certains services, \u00e0 la loi, aux bonnes m\u0153urs, \u00e0 la bonne foi et \/ ou aux bonnes m\u0153urs. Korflip Shop se r\u00e9serve le droit de modifier sans pr\u00e9avis le contenu de cet avis juridique, par cons\u00e9quent et pour une utilisation correcte du site Web, nous vous recommandons de visiter cette section.<\/p>\n<p>La propri\u00e9t\u00e9 intellectuelle et industrielle de Korflip Shop, pr\u00e9sente le contenu contenu sur ce site \u00e0 des fins d&rsquo;information sur ses activit\u00e9s et publications. Par cons\u00e9quent, sa reproduction, copie, modification, distribution ou transformation \u00e0 d&rsquo;autres fins est express\u00e9ment interdite sans l&rsquo;autorisation \u00e9crite expresse de Korflip Shop. Korflip Shop se r\u00e9serve le droit de modifier, mettre \u00e0 jour ou supprimer tout contenu de ce site Web, \u00e0 tout moment et sans pr\u00e9avis.<\/p>\n<p>Limitation de responsabilit\u00e9. Les informations contenues dans ce site Web peuvent ne pas \u00eatre correctes, malgr\u00e9 les efforts d\u00e9ploy\u00e9s pour effectuer leur exactitude et leur mise \u00e0 jour. En cons\u00e9quence, Korflip Shop n&rsquo;est pas responsable des erreurs contenues, ni des dommages ou pertes r\u00e9sultant de son utilisation.<\/p>\n<p>Ce site Web contient des liens vers d&rsquo;autres sites Web en dehors de Korflip Shop, liens qui sont pr\u00e9sent\u00e9s \u00e0 titre informatif uniquement. La responsabilit\u00e9 du contenu des pages li\u00e9es correspond aux propri\u00e9taires respectifs desdites pages. Korflip Shop n&rsquo;est pas responsable des dommages et pertes d\u00e9coulant de l&rsquo;utilisation de ce site Web ou de son contenu, ne garantissant pas l&rsquo;absence de virus ou l&rsquo;impossibilit\u00e9 de causer des dommages aux syst\u00e8mes informatiques des utilisateurs.<\/p>\n<p>Politique de protection des donn\u00e9es personnelles. A travers cette notice l\u00e9gale, Korflip Shop, informe les utilisateurs de ce site, conform\u00e9ment \u00e0 la loi organique 15\/1999 du 13 d\u00e9cembre, sur la protection des donn\u00e9es personnelles (LOPDP) de sa politique de protection des donn\u00e9es afin qu&rsquo;ils d\u00e9cident express\u00e9ment, librement et volontairement, s&rsquo;ils souhaitent fournir \u00e0 Korflip Shop les donn\u00e9es personnelles demand\u00e9es.<\/p>\n<p>L&rsquo;utilisateur, en fournissant volontairement ses donn\u00e9es personnelles via toute forme de ce site Web ou message \u00e9lectronique acceptant leur exp\u00e9dition, autorise express\u00e9ment Korflip Shop \u00e0 les traiter et \u00e0 les incorporer dans un fichier qui lui est propre. La collecte et le traitement des donn\u00e9es personnelles fournies par l&rsquo;utilisateur sont destin\u00e9s \u00e0 maintenir, garantir et contr\u00f4ler la relation \u00e9tablie entre lui et Korflip Shop, envoyer des informations par e-mail.<\/p>\n<p>Korflip Shop a adopt\u00e9 les mesures techniques n\u00e9cessaires pour \u00e9viter l&rsquo;alt\u00e9ration, la perte ou le traitement non autoris\u00e9 des donn\u00e9es personnelles fournies par l&rsquo;utilisateur, en tenant compte des limitations pr\u00e9sent\u00e9es par Internet et en exprimant son engagement de confidentialit\u00e9 concernant le traitement des donn\u00e9es personnelles de l&rsquo;utilisateur.<\/p>\n<p>L&rsquo;utilisateur a le droit d&rsquo;acc\u00e9der aux informations qui le concernent collect\u00e9es dans le fichier Korflip Shop, de les rectifier si elles sont erron\u00e9es, annul\u00e9es ou de s&rsquo;opposer \u00e0 leur traitement au moyen d&rsquo;un e-mail adress\u00e9 \u00e0 Korflip Shop, ou par courrier postal adress\u00e9 au adresse dans l&rsquo;intitul\u00e9 de cette note l\u00e9gale. Dans les deux cas, l&rsquo;identit\u00e9 de l&rsquo;utilisateur doit \u00eatre suffisamment accr\u00e9dit\u00e9e.<\/p>\n<p>Korflip Shop informe que les donn\u00e9es personnelles des utilisateurs de ce site ne seront pas contr\u00f4l\u00e9es par des cookies qui permettent leur identification.<\/p>\n<p>Korflip Shop utilise Google Analytics (voir les mentions l\u00e9gales ci-dessous) pour analyser les aspects li\u00e9s \u00e0 l&rsquo;acc\u00e8s \u00e0 ses pages Web, tels que les pages les plus visit\u00e9es ou le temps des visites. Ces informations seront trait\u00e9es \u00e0 des fins statistiques et pour l&rsquo;am\u00e9lioration des services propos\u00e9s sur son site Internet et ne permettront en aucun cas de conna\u00eetre l&rsquo;identit\u00e9 de l&rsquo;utilisateur.<\/p>\n<p>Mentions l\u00e9gales de Google Analytics. Ce site Web utilise Google Analytics, un service d&rsquo;analyse Web fourni par Google, Inc. Une soci\u00e9t\u00e9 du Delaware dont le si\u00e8ge social est situ\u00e9 au 1600 Amphitheatre Parkway, Mountain View (Californie), CA 94043, \u00c9tats-Unis (\u00abGoogle\u00bb).<\/p>\n<p>Google Analytics utilise des \u00abcookies\u00bb, qui sont des fichiers texte situ\u00e9s sur votre ordinateur, pour aider le site Web \u00e0 analyser la fa\u00e7on dont les utilisateurs utilisent le site Web.<\/p>\n<p>Les informations g\u00e9n\u00e9r\u00e9es par le cookie sur votre utilisation du site Web (y compris votre adresse IP) seront directement transmises et archiv\u00e9es par Google sur des serveurs aux \u00c9tats-Unis. Google utilisera ces informations en notre nom afin de suivre et d&rsquo;utiliser le site Web, de compiler des rapports sur l&rsquo;activit\u00e9 du site Web et de fournir d&rsquo;autres services li\u00e9s \u00e0 l&rsquo;activit\u00e9 du site Web et \u00e0 l&rsquo;utilisation d&rsquo;Internet. Google peut transmettre ces informations \u00e0 des tiers lorsque la loi l&rsquo;exige ou lorsque ces veaux collectent les informations au nom de Google. Google n&rsquo;associera pas votre adresse IP \u00e0 toute autre donn\u00e9e disponible \u00e0 Google.<\/p>\n<p>Vous pouvez refuser le traitement des donn\u00e9es ou des informations en refusant l&rsquo;utilisation de cookies en s\u00e9lectionnant la configuration appropri\u00e9e de votre navigateur, cependant, vous devez savoir que si vous le faites, vous ne pourrez peut-\u00eatre pas utiliser toutes les fonctionnalit\u00e9s de ce site Web. . En utilisant ce site Web, vous consentez express\u00e9ment au traitement de vos informations nominatives par Google de la mani\u00e8re et aux fins indiqu\u00e9es ci-dessus.<\/p>\n<p>[\/et_pb_text][\/et_pb_column][\/et_pb_row][\/et_pb_section]<\/p>\n","protected":false},"excerpt":{"rendered":"<p><div class=\"et_pb_row et_pb_row_0 et_pb_row_empty\">\n\t\t\t\t\n\t\t\t\t\n\t\t\t\t\n\t\t\t\t\n\t\t\t\t\n\t\t\t<\/div> Avis L\u00e9gal Pour se conformer aux dispositions de la loi 34\/2002 du 11 juillet, Services de la Soci\u00e9t\u00e9 de l&rsquo;Information et du Commerce Electronique (LSSICE), voici les donn\u00e9es g\u00e9n\u00e9rales d&rsquo;information du site www.korflipshop.com Conditions g\u00e9n\u00e9rales d&rsquo;utilisation: L&rsquo;utilisateur acc\u00e8de volontairement \u00e0 ce site, ce qui implique qu&rsquo;il l&rsquo;utilisera conform\u00e9ment aux pr\u00e9sentes mentions l\u00e9gales et aux [&hellip;]<\/p>\n","protected":false},"author":1,"featured_media":0,"parent":0,"menu_order":0,"comment_status":"closed","ping_status":"closed","template":"","meta":{"_et_pb_use_builder":"on","_et_pb_old_content":"","_et_gb_content_width":"","footnotes":""},"class_list":["post-79","page","type-page","status-publish","hentry"],"_links":{"self":[{"href":"https:\/\/korflipshop.com\/fr\/wp-json\/wp\/v2\/pages\/79","targetHints":{"allow":["GET"]}}],"collection":[{"href":"https:\/\/korflipshop.com\/fr\/wp-json\/wp\/v2\/pages"}],"about":[{"href":"https:\/\/korflipshop.com\/fr\/wp-json\/wp\/v2\/types\/page"}],"author":[{"embeddable":true,"href":"https:\/\/korflipshop.com\/fr\/wp-json\/wp\/v2\/users\/1"}],"replies":[{"embeddable":true,"href":"https:\/\/korflipshop.com\/fr\/wp-json\/wp\/v2\/comments?post=79"}],"version-history":[{"count":2,"href":"https:\/\/korflipshop.com\/fr\/wp-json\/wp\/v2\/pages\/79\/revisions"}],"predecessor-version":[{"id":81,"href":"https:\/\/korflipshop.com\/fr\/wp-json\/wp\/v2\/pages\/79\/revisions\/81"}],"wp:attachment":[{"href":"https:\/\/korflipshop.com\/fr\/wp-json\/wp\/v2\/media?parent=79"}],"curies":[{"name":"wp","href":"https:\/\/api.w.org\/{rel}","templated":true}]}}