{"id":52,"date":"2020-01-17T10:08:04","date_gmt":"2020-01-17T09:08:04","guid":{"rendered":"https:\/\/korflipshop.com\/fr\/?post_type=product&#038;p=52"},"modified":"2026-01-13T13:26:21","modified_gmt":"2026-01-13T12:26:21","slug":"rehauseeurs-de-fauteuil-couleur-jaune","status":"publish","type":"product","link":"https:\/\/korflipshop.com\/fr\/producto\/rehauseeurs-de-fauteuil-couleur-jaune\/","title":{"rendered":"Rehauseeurs de fauteuil &#8211; Couleur Jaune"},"content":{"rendered":"<p><strong>Korflip est l&rsquo;\u00e9l\u00e9ment indispensable qui ne peut pas manquer dans ces cin\u00e9mas, th\u00e9\u00e2tres, auditoriums, salles polyvalentes, auditoriums, stades<\/strong> et toutes ces cours pouvant \u00eatre utilis\u00e9es par les enfants. <strong>Korflip<\/strong> offre une \u00e9l\u00e9vation suppl\u00e9mentaire de pr\u00e8s de 15 cm, permettant ainsi l&rsquo;appui-t\u00eate au repos du si\u00e8ge qui le pr\u00e9c\u00e8de. En permettant ainsi, les petits peuvent avoir une visibilit\u00e9 optimale.<\/p>\n<p><img loading=\"lazy\" decoding=\"async\" class=\"aligncenter wp-image-50 size-full\" src=\"https:\/\/korflipshop.com\/fr\/wp-content\/uploads\/sites\/9\/2020\/01\/ficha-tenica-alzador-infantil.jpg\" alt=\"\" width=\"800\" height=\"396\" srcset=\"https:\/\/korflipshop.com\/fr\/wp-content\/uploads\/sites\/9\/2020\/01\/ficha-tenica-alzador-infantil.jpg 800w, https:\/\/korflipshop.com\/fr\/wp-content\/uploads\/sites\/9\/2020\/01\/ficha-tenica-alzador-infantil-480x238.jpg 480w\" sizes=\"(min-width: 0px) and (max-width: 480px) 480px, (min-width: 481px) 800px, 100vw\" \/><\/p>\n<p>Son <strong>design ergonomique<\/strong> sp\u00e9cialement con\u00e7u et destin\u00e9 pour l&rsquo;usage des enfants, le rend extr\u00eamement confortable. <strong>Fabriqu\u00e9 en PVC inject\u00e9 \u00e0 haute r\u00e9sistance, il est tr\u00e8s r\u00e9sistant et durable<\/strong>. En plus d&rsquo;\u00eatre extr\u00eamement facile \u00e0 nettoyer et \u00e0 entretenir, il reste inchang\u00e9 pendant de nombreuses ann\u00e9es.<\/p>\n<p>Il n&rsquo;a pas de bords prononc\u00e9s, ses bords et saillies ont \u00e9t\u00e9 adoucis pour offrir un toucher agr\u00e9able, avec une l\u00e9g\u00e8re rugosit\u00e9 qui emp\u00eache les enfants de glisser. En plus d&rsquo;\u00eatre confortable, il est s\u00fbr, r\u00e9sistant et tr\u00e8s facile \u00e0 nettoyer.<\/p>\n<p>Sa production est en s\u00e9rie, avec un certificat ignifuge, s&rsquo;adaptant ainsi aux r\u00e9glementations internationales les plus strictes en mati\u00e8re de s\u00e9curit\u00e9 incendie pr\u00e9ventive.<\/p>\n","protected":false},"excerpt":{"rendered":"<p><strong>Pack de 36 \u00e9l\u00e9vateurs pour enfants pour si\u00e8ges de cin\u00e9ma et de th\u00e9\u00e2tre.<\/strong><\/p>\n<p><img decoding=\"async\" style=\"width: 10%; vertical-align: middle; padding: 3px;\" src=\"https:\/\/korflipshop.com\/wp-content\/uploads\/2018\/01\/ignifugo.png\" alt=\"Korflip est le seul \u00e9l\u00e9vateur pour si\u00e8ges avec certificat ignifuge approuv\u00e9 pour les cin\u00e9mas et les th\u00e9\u00e2tres\" \/><strong>Korflip est le seul \u00e9l\u00e9vateur pour si\u00e8ges avec certificat ignifuge approuv\u00e9 pour les cin\u00e9mas et les th\u00e9\u00e2tres.<\/strong><\/p>\n<p>Selon les normes UNE (EN) pour une utilisation dans les cin\u00e9mas, th\u00e9\u00e2tres, auditoriums et stades sportifs du monde entier.<\/p>\n<ul>\n<li><strong>Fabriqu\u00e9 en PVC thermo-inject\u00e9<\/strong><\/li>\n<li><strong>R\u00e9sistant aux chocs<\/strong><\/li>\n<li>Bords liss\u00e9s (anti-coupures)<\/li>\n<li>Ergonomique et confortable<\/li>\n<li><strong>Base antid\u00e9rapante avec une meilleure adh\u00e9rence<\/strong><\/li>\n<li>Surface du si\u00e8ge antid\u00e9rapante<\/li>\n<li>Poign\u00e9e arri\u00e8re pour un transport facile<\/li>\n<li>Poids:\u00a0700g<\/li>\n<li>Couleur: Jaune<\/li>\n<li><strong>Garantie de 5 ans<\/strong><\/li>\n<\/ul>\n<p><strong>* Le pack comprend un chariot pour le stockage et le transport.<\/strong><\/p>\n<p><a title=\"T\u00e9l\u00e9chargez le certificat ignifuge ici T\u00e9l\u00e9chargez le certificat ignifuge de Korlfip.\" href=\"https:\/\/korflipshop.com\/pdf\/certificado-ignifugo-korflip.pdf\" target=\"_blank\" rel=\"noopener noreferrer\"><img decoding=\"async\" style=\"width: 10%; vertical-align: middle; padding: 3px;\" src=\"https:\/\/korflipshop.com\/wp-content\/uploads\/2018\/01\/pdf-download.png\" alt=\"T\u00e9l\u00e9chargez le certificat ignifuge ici T\u00e9l\u00e9chargez le certificat ignifuge de Korlfip.\" \/><\/a><strong>T\u00e9l\u00e9chargez le certificat ignifuge ici T\u00e9l\u00e9chargez le certificat ignifuge de Korlfip.<\/strong><\/p>\n","protected":false},"featured_media":53,"template":"","meta":{"_et_pb_use_builder":"","_et_pb_old_content":"","_et_gb_content_width":""},"product_brand":[],"product_cat":[19],"product_tag":[],"class_list":{"0":"post-52","1":"product","2":"type-product","3":"status-publish","4":"has-post-thumbnail","6":"product_cat-rehausseur-korflip","7":"product_shipping_class-envio","9":"first","10":"instock","11":"shipping-taxable","12":"purchasable","13":"product-type-variable"},"_links":{"self":[{"href":"https:\/\/korflipshop.com\/fr\/wp-json\/wp\/v2\/product\/52","targetHints":{"allow":["GET"]}}],"collection":[{"href":"https:\/\/korflipshop.com\/fr\/wp-json\/wp\/v2\/product"}],"about":[{"href":"https:\/\/korflipshop.com\/fr\/wp-json\/wp\/v2\/types\/product"}],"wp:featuredmedia":[{"embeddable":true,"href":"https:\/\/korflipshop.com\/fr\/wp-json\/wp\/v2\/media\/53"}],"wp:attachment":[{"href":"https:\/\/korflipshop.com\/fr\/wp-json\/wp\/v2\/media?parent=52"}],"wp:term":[{"taxonomy":"product_brand","embeddable":true,"href":"https:\/\/korflipshop.com\/fr\/wp-json\/wp\/v2\/product_brand?post=52"},{"taxonomy":"product_cat","embeddable":true,"href":"https:\/\/korflipshop.com\/fr\/wp-json\/wp\/v2\/product_cat?post=52"},{"taxonomy":"product_tag","embeddable":true,"href":"https:\/\/korflipshop.com\/fr\/wp-json\/wp\/v2\/product_tag?post=52"}],"curies":[{"name":"wp","href":"https:\/\/api.w.org\/{rel}","templated":true}]}}