{"id":81,"date":"2018-01-23T13:56:12","date_gmt":"2018-01-23T13:56:12","guid":{"rendered":"https:\/\/korflipshop.com\/pt\/?page_id=81"},"modified":"2018-02-12T10:37:51","modified_gmt":"2018-02-12T10:37:51","slug":"aviso-legal","status":"publish","type":"page","link":"https:\/\/korflipshop.com\/pt\/aviso-legal\/","title":{"rendered":"Aviso Legal"},"content":{"rendered":"<p>[et_pb_section bb_built=&#8221;1&#8243;][et_pb_row][et_pb_column type=&#8221;4_4&#8243;][et_pb_text _builder_version=&#8221;3.0.92&#8243; background_layout=&#8221;light&#8221;]<\/p>\n<h1>Aviso Legal<\/h1>\n<p>[\/et_pb_text][et_pb_text _builder_version=&#8221;3.0.98&#8243; background_layout=&#8221;light&#8221;]<\/p>\n<p>Para cumprir o disposto na Lei 34\/2002 de 11 de julho, Servi\u00e7os da Sociedade da Informa\u00e7\u00e3o e do Com\u00e9rcio Eletr\u00f4nico (LSSICE), abaixo est\u00e3o os dados de informa\u00e7\u00f5es gerais do site www.korflipshop.com<\/p>\n<p>Condi\u00e7\u00f5es gerais de uso: o usu\u00e1rio acessa voluntariamente este site, o que implica que ele o usar\u00e1 de acordo com este aviso legal e as Condi\u00e7\u00f5es Particulares de certos servi\u00e7os, a lei, a moral, a boa f\u00e9 e \/ ou os bons costumes. A Korflip Shop reserva-se o direito de modificar sem aviso pr\u00e9vio o conte\u00fado deste aviso legal, portanto, e para uma utiliza\u00e7\u00e3o correta do site, recomendamos que voc\u00ea visite esta se\u00e7\u00e3o.<\/p>\n<p>Propriedade intelectual e industrial da Korflip Shop, apresenta os conte\u00fados que aparecem neste site para fins de informa\u00e7\u00e3o de suas atividades e publica\u00e7\u00f5es. Portanto, sua reprodu\u00e7\u00e3o, c\u00f3pia, modifica\u00e7\u00e3o, distribui\u00e7\u00e3o ou transforma\u00e7\u00e3o para outros fins \u00e9 expressamente proibida sem autoriza\u00e7\u00e3o expressa por escrito para a Korflip Shop. A Korflip Shop reserva-se o direito de modificar, atualizar ou excluir qualquer conte\u00fado do site, a qualquer momento e sem aviso pr\u00e9vio.<\/p>\n<p>Limita\u00e7\u00e3o de responsabilidade. A informa\u00e7\u00e3o contida neste site pode n\u00e3o estar correta, apesar dos esfor\u00e7os feitos para realizar sua precis\u00e3o e atualiza\u00e7\u00e3o. Consequentemente, a Korflip Shop, n\u00e3o \u00e9 respons\u00e1vel pelos erros contidos nem pelos danos ou perdas resultantes do seu uso.<br \/>\nEste site cont\u00e9m links para outros sites fora da Korflip Shop, links que s\u00e3o apresentados apenas para fins informativos. A responsabilidade pelo conte\u00fado das p\u00e1ginas vinculadas corresponde aos respectivos propriet\u00e1rios das referidas p\u00e1ginas. A Korflip Shop n\u00e3o \u00e9 respons\u00e1vel por danos e perdas decorrentes do uso deste site ou dos conte\u00fados, n\u00e3o garantem a aus\u00eancia de v\u00edrus ou a impossibilidade de causar danos aos sistemas inform\u00e1ticos dos usu\u00e1rios.<\/p>\n<p>Pol\u00edtica de Prote\u00e7\u00e3o de Dados Pessoais. Atrav\u00e9s deste aviso legal, a Korflip Shop, informa os usu\u00e1rios deste site, em conformidade com a Lei Org\u00e2nica 15\/1999 de 13 de dezembro, Prote\u00e7\u00e3o de Dados Pessoais (LOPDP) sobre sua pol\u00edtica de prote\u00e7\u00e3o de dados pessoal com o prop\u00f3sito de que decidam expressa, livremente e voluntariamente, se desejam fornecer \u00e0 Korflip Shop os dados pessoais solicitados.<br \/>\nO usu\u00e1rio, oferecendo voluntariamente dados pessoais atrav\u00e9s de qualquer forma deste site ou mensagem de e-mail, aceita sua remessa, autoriza expressamente a Korflip Shop a tratar e incorporar em um arquivo de propriedade. A coleta e processamento de dados pessoais fornecidos pelo usu\u00e1rio tem como objetivo manter, garantir e controlar a rela\u00e7\u00e3o estabelecida entre ela e a Korflip Shop, enviar informa\u00e7\u00f5es por e-mail.<br \/>\nA Korflip Shop adotou as medidas t\u00e9cnicas necess\u00e1rias para evitar a altera\u00e7\u00e3o, perda ou processamento n\u00e3o autorizado de dados pessoais fornecidos pelo usu\u00e1rio, atendendo \u00e0s limita\u00e7\u00f5es da Internet, e expressando seu compromisso com a confidencialidade em rela\u00e7\u00e3o ao processamento de dados pessoais. do usu\u00e1rio.<br \/>\nO usu\u00e1rio tem o direito de acessar as informa\u00e7\u00f5es relativas a ele coletadas no arquivo Korflip Shop, corrigi-lo se for errado, cancelado ou opor seu tratamento por meio de uma mensagem de e-mail endere\u00e7ada \u00e0 Korflip Shop ou por correio postal endere\u00e7ada \u00e0 endere\u00e7o que aparece no cabe\u00e7alho desta nota legal. Em ambos os casos, a identidade do usu\u00e1rio deve ser suficientemente credenciada.<br \/>\nA Korflip Shop informa que os dados pessoais dos usu\u00e1rios deste site n\u00e3o ser\u00e3o controlados por cookies que permitam sua identifica\u00e7\u00e3o.<br \/>\nA Korflip Shop usa o Google Analytics (veja o aviso legal abaixo) para analisar aspectos relacionados ao acesso \u00e0s suas p\u00e1ginas da web, como as p\u00e1ginas mais visitadas ou a hora das visitas. Esta informa\u00e7\u00e3o ser\u00e1 tratada para fins estat\u00edsticos e para a melhoria dos servi\u00e7os que oferece a partir de seu site e, em nenhum caso, permitir\u00e1 conhecer a identidade do usu\u00e1rio.<\/p>\n<p>Aviso Legal do Google Analytics. Este site usa o Google Analytics, um servi\u00e7o de an\u00e1lise web fornecido pela Google, Inc. Uma empresa da Delaware, cuja sede social est\u00e1 em 1600 Anfiteatro Parkway, Mountain View (Calif\u00f3rnia), CA 94043, Estados Unidos (&#8220;Google&#8221;).<br \/>\nO Google Analytics usa &#8220;cookies&#8221;, que s\u00e3o arquivos de texto localizados no seu computador, para ajudar o site a analisar o uso feito pelos usu\u00e1rios do site. As informa\u00e7\u00f5es geradas pelo cookie sobre o uso do site (incluindo seu endere\u00e7o IP) ser\u00e3o diretamente transmitidas e arquivadas pelo Google em servidores nos Estados Unidos. O Google usar\u00e1 essas informa\u00e7\u00f5es em nosso nome com o objetivo de rastrear e usar o site, compilando relat\u00f3rios sobre a atividade do site e fornecendo outros servi\u00e7os relacionados \u00e0 atividade do site e ao uso da Internet. A Google pode transmitir essas informa\u00e7\u00f5es a terceiros quando exigido por lei ou quando os referidos bezerros obtiverem informa\u00e7\u00f5es em nome do Google. O Google n\u00e3o associar\u00e1 o seu endere\u00e7o IP a quaisquer outros dados detidos pelo Google.<\/p>\n<p>Voc\u00ea pode rejeitar o tratamento de dados ou informa\u00e7\u00f5es, rejeitando o uso de cookies, selecionando a configura\u00e7\u00e3o adequada do seu navegador, no entanto, voc\u00ea deve saber que, se o fizer, voc\u00ea n\u00e3o poder\u00e1 usar a funcionalidade completa deste site . Ao usar este site, voc\u00ea concorda com o processamento de informa\u00e7\u00f5es sobre voc\u00ea pelo Google da maneira e para os fins indicados acima.<\/p>\n<p>[\/et_pb_text][\/et_pb_column][\/et_pb_row][\/et_pb_section]<\/p>\n","protected":false},"excerpt":{"rendered":"<p><div class=\"et_pb_row et_pb_row_0 et_pb_row_empty\">\n\t\t\t\t\n\t\t\t\t\n\t\t\t\t\n\t\t\t\t\n\t\t\t\t\n\t\t\t<\/div> Aviso Legal Para cumprir o disposto na Lei 34\/2002 de 11 de julho, Servi\u00e7os da Sociedade da Informa\u00e7\u00e3o e do Com\u00e9rcio Eletr\u00f4nico (LSSICE), abaixo est\u00e3o os dados de informa\u00e7\u00f5es gerais do site www.korflipshop.com Condi\u00e7\u00f5es gerais de uso: o usu\u00e1rio acessa voluntariamente este site, o que implica que ele o usar\u00e1 de acordo com este [&hellip;]<\/p>\n","protected":false},"author":1,"featured_media":0,"parent":0,"menu_order":0,"comment_status":"closed","ping_status":"closed","template":"","meta":{"_et_pb_use_builder":"on","_et_pb_old_content":"","_et_gb_content_width":"","footnotes":""},"class_list":["post-81","page","type-page","status-publish","hentry"],"_links":{"self":[{"href":"https:\/\/korflipshop.com\/pt\/wp-json\/wp\/v2\/pages\/81","targetHints":{"allow":["GET"]}}],"collection":[{"href":"https:\/\/korflipshop.com\/pt\/wp-json\/wp\/v2\/pages"}],"about":[{"href":"https:\/\/korflipshop.com\/pt\/wp-json\/wp\/v2\/types\/page"}],"author":[{"embeddable":true,"href":"https:\/\/korflipshop.com\/pt\/wp-json\/wp\/v2\/users\/1"}],"replies":[{"embeddable":true,"href":"https:\/\/korflipshop.com\/pt\/wp-json\/wp\/v2\/comments?post=81"}],"version-history":[{"count":4,"href":"https:\/\/korflipshop.com\/pt\/wp-json\/wp\/v2\/pages\/81\/revisions"}],"predecessor-version":[{"id":134,"href":"https:\/\/korflipshop.com\/pt\/wp-json\/wp\/v2\/pages\/81\/revisions\/134"}],"wp:attachment":[{"href":"https:\/\/korflipshop.com\/pt\/wp-json\/wp\/v2\/media?parent=81"}],"curies":[{"name":"wp","href":"https:\/\/api.w.org\/{rel}","templated":true}]}}