{"id":115,"date":"2018-01-24T10:39:35","date_gmt":"2018-01-24T10:39:35","guid":{"rendered":"https:\/\/korflipshop.com\/pt\/?post_type=product&#038;p=115"},"modified":"2026-01-13T11:00:09","modified_gmt":"2026-01-13T11:00:09","slug":"elevadores-para-assentos-cor-azul","status":"publish","type":"product","link":"https:\/\/korflipshop.com\/pt\/produto\/elevadores-para-assentos-cor-azul\/","title":{"rendered":"Elevadores para assentos &#8211; Cor Azul"},"content":{"rendered":"<p><strong>Korflip \u00e9 o elemento indispens\u00e1vel que n\u00e3o pode estar ausente nos cinemas, teatros, salas de reuni\u00e3o, salas multifun\u00e7\u00f5es polivalentes, audit\u00f3rios, est\u00e1dios<\/strong> e todos os p\u00e1tios que podem ser usados por crian\u00e7as. <strong>Korflip<\/strong> fornece um elevador extra de quase 15 cm, permitindo assim salvar o apoio de cabe\u00e7a do assento que o precede. Tornando poss\u00edvel desta maneira, que o menor pode ter visibilidade ideal.<\/p>\n<p><img loading=\"lazy\" decoding=\"async\" class=\"aligncenter wp-image-101 size-full\" src=\"https:\/\/korflipshop.com\/es\/wp-content\/uploads\/sites\/2\/2017\/10\/ficha-tenica-alzador-infantil.jpg\" alt=\"\" width=\"800\" height=\"396\" \/><\/p>\n<p>Seu <strong>design ergon\u00f4mico<\/strong> especialmente projetado e projetado para crian\u00e7as, o torna extremamente confort\u00e1vel. Fabricado em <strong>PVC injetado de alta resist\u00eancia, \u00e9 muito resistente e dur\u00e1vel<\/strong>. Al\u00e9m de extremamente f\u00e1cil de limpar e manter, permanecendo inalterado por muitos anos.<\/p>\n<p>A falta de bordas afiadas, suas arestas e proje\u00e7\u00f5es foram suavizadas para proporcionar um toque agrad\u00e1vel, com uma leve rugosidade que evita que as crian\u00e7as escorregem. Al\u00e9m de confort\u00e1vel, \u00e9 seguro, resistente e muito f\u00e1cil de limpar.<\/p>\n<p>A sua produ\u00e7\u00e3o est\u00e1 em s\u00e9rie, com certificado \u00e0 prova de fogo, adaptando-se \u00e0s mais estritas regulamenta\u00e7\u00f5es internacionais no campo da seguran\u00e7a preventiva contra inc\u00eandio.<\/p>\n","protected":false},"excerpt":{"rendered":"<p><strong>Pacote de 36 unidades de elevadores infantis para assentos de cinema e teatro.<\/strong><\/p>\n<p><img decoding=\"async\" style=\"width: 10%; vertical-align: middle; padding: 3px;\" src=\"https:\/\/korflipshop.com\/wp-content\/uploads\/2018\/01\/ignifugo.png\" alt=\"Korflip \u00e9 o \u00fanico elevador para assentos no mercado com um certificado aprovado \u00e0 prova de fogo para cinemas e teatros.\" \/><strong>Korflip \u00e9 o \u00fanico elevador para assentos no mercado com um certificado aprovado \u00e0 prova de fogo para cinemas e teatros.<\/strong><\/p>\n<p>De acordo com os padr\u00f5es UNE (EN) para uso em cinemas, teatros, audit\u00f3rios e est\u00e1dios de esportes em todo o mundo.<\/p>\n<ul>\n<li><strong>Feito com PVC termo-injetado<\/strong><\/li>\n<li><strong>Resistente ao choque<\/strong><\/li>\n<li>Bordas alisadas<\/li>\n<li>Ergon\u00f4mico e confort\u00e1vel<\/li>\n<li><strong>Base antiderrapante com maior ader\u00eancia<\/strong><\/li>\n<li>Superf\u00edcie de assento antiderrapante<\/li>\n<li>Pega traseira para f\u00e1cil transporte<\/li>\n<li>Peso:\u00a0700g<\/li>\n<li>Cor: Azul<\/li>\n<li><strong>5 anos de garantia<\/strong><\/li>\n<\/ul>\n<p><strong>*O pacote inclui um carrinho para armazenamento e transporte.<\/strong><\/p>\n<p><a title=\"Fa\u00e7a o download do certificado Korlfip \u00e0 prova de fogo.\" href=\"https:\/\/korflipshop.com\/pdf\/certificado-ignifugo-korflip.pdf\" target=\"_blank\" rel=\"noopener noreferrer\"><img decoding=\"async\" style=\"width: 10%; vertical-align: middle; padding: 3px;\" src=\"https:\/\/korflipshop.com\/wp-content\/uploads\/2018\/01\/pdf-download.png\" alt=\"Fa\u00e7a o download do certificado Korlfip \u00e0 prova de fogo.\" \/><\/a><strong>Fa\u00e7a o download do certificado Korlfip \u00e0 prova de fogo.<\/strong><\/p>\n","protected":false},"featured_media":116,"template":"","meta":{"_et_pb_use_builder":"","_et_pb_old_content":"","_et_gb_content_width":""},"product_brand":[],"product_cat":[17],"product_tag":[],"class_list":{"0":"post-115","1":"product","2":"type-product","3":"status-publish","4":"has-post-thumbnail","6":"product_cat-elevadores-infantis","8":"first","9":"instock","10":"shipping-taxable","11":"purchasable","12":"product-type-variable"},"_links":{"self":[{"href":"https:\/\/korflipshop.com\/pt\/wp-json\/wp\/v2\/product\/115","targetHints":{"allow":["GET"]}}],"collection":[{"href":"https:\/\/korflipshop.com\/pt\/wp-json\/wp\/v2\/product"}],"about":[{"href":"https:\/\/korflipshop.com\/pt\/wp-json\/wp\/v2\/types\/product"}],"wp:featuredmedia":[{"embeddable":true,"href":"https:\/\/korflipshop.com\/pt\/wp-json\/wp\/v2\/media\/116"}],"wp:attachment":[{"href":"https:\/\/korflipshop.com\/pt\/wp-json\/wp\/v2\/media?parent=115"}],"wp:term":[{"taxonomy":"product_brand","embeddable":true,"href":"https:\/\/korflipshop.com\/pt\/wp-json\/wp\/v2\/product_brand?post=115"},{"taxonomy":"product_cat","embeddable":true,"href":"https:\/\/korflipshop.com\/pt\/wp-json\/wp\/v2\/product_cat?post=115"},{"taxonomy":"product_tag","embeddable":true,"href":"https:\/\/korflipshop.com\/pt\/wp-json\/wp\/v2\/product_tag?post=115"}],"curies":[{"name":"wp","href":"https:\/\/api.w.org\/{rel}","templated":true}]}}