{"id":159,"date":"2019-04-22T09:59:04","date_gmt":"2019-04-22T09:59:04","guid":{"rendered":"https:\/\/korflipshop.com\/pt\/?post_type=product&#038;p=159"},"modified":"2026-01-13T12:22:06","modified_gmt":"2026-01-13T12:22:06","slug":"bandejas-pipoca-refresco-para-assentos-de-cinema","status":"publish","type":"product","link":"https:\/\/korflipshop.com\/pt\/produto\/bandejas-pipoca-refresco-para-assentos-de-cinema\/","title":{"rendered":"Bandejas de pipoca e refresco para assentos"},"content":{"rendered":"<p><strong>Pacotes de 50 bandejas de pipoca e refrigerante para assentos de cinema e teatro<\/strong>, feitos de pl\u00e1stico injetado com alta resist\u00eancia e durabilidade. Sua instala\u00e7\u00e3o \u00e9 universal, adapta-se a todos os assentos que possuem porta-copos. Aumenta a capacidade do mesmo, permitindo ao usu\u00e1rio depositar suas pipocas, refrigerantes e salgadinhos na bandeja confortavelmente.<\/p>\n<p>Sua manuten\u00e7\u00e3o \u00e9 nula, pois s\u00e3o de f\u00e1cil limpeza, al\u00e9m de ajudar a manter o quarto mais limpo, pois o usu\u00e1rio tem sempre a sua comida perfeitamente ordenada e \u00e0 m\u00e3o.<\/p>\n<p><strong>Embalagem de 50 bandejas<\/strong>.<\/p>\n","protected":false},"excerpt":{"rendered":"<p><strong>Bandejas de pipoca e refresco para assentos de cinema.<\/strong> Feito de pl\u00e1stico de primeira qualidade, alta resist\u00eancia e durabilidade.<\/p>\n<p><strong>Pacotes de 50 unidades.<\/strong><\/p>\n","protected":false},"featured_media":171,"template":"","meta":{"_et_pb_use_builder":"","_et_pb_old_content":"","_et_gb_content_width":""},"product_brand":[],"product_cat":[17],"product_tag":[],"class_list":{"0":"post-159","1":"product","2":"type-product","3":"status-publish","4":"has-post-thumbnail","6":"product_cat-elevadores-infantis","8":"first","9":"instock","10":"shipping-taxable","11":"purchasable","12":"product-type-simple"},"_links":{"self":[{"href":"https:\/\/korflipshop.com\/pt\/wp-json\/wp\/v2\/product\/159","targetHints":{"allow":["GET"]}}],"collection":[{"href":"https:\/\/korflipshop.com\/pt\/wp-json\/wp\/v2\/product"}],"about":[{"href":"https:\/\/korflipshop.com\/pt\/wp-json\/wp\/v2\/types\/product"}],"wp:featuredmedia":[{"embeddable":true,"href":"https:\/\/korflipshop.com\/pt\/wp-json\/wp\/v2\/media\/171"}],"wp:attachment":[{"href":"https:\/\/korflipshop.com\/pt\/wp-json\/wp\/v2\/media?parent=159"}],"wp:term":[{"taxonomy":"product_brand","embeddable":true,"href":"https:\/\/korflipshop.com\/pt\/wp-json\/wp\/v2\/product_brand?post=159"},{"taxonomy":"product_cat","embeddable":true,"href":"https:\/\/korflipshop.com\/pt\/wp-json\/wp\/v2\/product_cat?post=159"},{"taxonomy":"product_tag","embeddable":true,"href":"https:\/\/korflipshop.com\/pt\/wp-json\/wp\/v2\/product_tag?post=159"}],"curies":[{"name":"wp","href":"https:\/\/api.w.org\/{rel}","templated":true}]}}